{"id":11,"date":"2022-10-13T04:57:29","date_gmt":"2022-10-13T04:57:29","guid":{"rendered":"http:\/\/178.63.66.23\/?page_id=11"},"modified":"2026-01-19T11:05:05","modified_gmt":"2026-01-19T10:05:05","slug":"home","status":"publish","type":"page","link":"https:\/\/wedding-cie.de\/en\/","title":{"rendered":"Home"},"content":{"rendered":"<div data-elementor-type=\"wp-page\" data-elementor-id=\"11\" class=\"elementor elementor-11\">\n\t\t\t\t\t\t<section class=\"has_eae_slider elementor-section elementor-top-section elementor-element elementor-element-59f24df elementor-section-boxed elementor-section-height-default elementor-section-height-default\" data-eae-slider=\"40394\" data-id=\"59f24df\" data-element_type=\"section\" data-e-type=\"section\">\n\t\t\t\t\t\t<div class=\"elementor-container elementor-column-gap-default\">\n\t\t\t\t\t<div class=\"has_eae_slider elementor-column elementor-col-100 elementor-top-column elementor-element elementor-element-63076cc\" data-eae-slider=\"42883\" data-id=\"63076cc\" data-element_type=\"column\" data-e-type=\"column\">\n\t\t\t<div class=\"elementor-widget-wrap elementor-element-populated\">\n\t\t\t\t\t\t<section class=\"has_eae_slider elementor-section elementor-inner-section elementor-element elementor-element-cca594d elementor-section-boxed elementor-section-height-default elementor-section-height-default\" data-eae-slider=\"23974\" data-id=\"cca594d\" data-element_type=\"section\" data-e-type=\"section\">\n\t\t\t\t\t\t<div class=\"elementor-container elementor-column-gap-default\">\n\t\t\t\t\t<div class=\"has_eae_slider elementor-column elementor-col-100 elementor-inner-column elementor-element elementor-element-1d88271\" data-eae-slider=\"7244\" data-id=\"1d88271\" data-element_type=\"column\" data-e-type=\"column\">\n\t\t\t<div class=\"elementor-widget-wrap elementor-element-populated\">\n\t\t\t\t\t\t<div class=\"elementor-element elementor-element-6a7a45b elementor-widget elementor-widget-spacer\" data-id=\"6a7a45b\" data-element_type=\"widget\" data-e-type=\"widget\" data-widget_type=\"spacer.default\">\n\t\t\t\t<div class=\"elementor-widget-container\">\n\t\t\t\t\t\t\t<div class=\"elementor-spacer\">\n\t\t\t<div class=\"elementor-spacer-inner\"><\/div>\n\t\t<\/div>\n\t\t\t\t\t\t<\/div>\n\t\t\t\t<\/div>\n\t\t\t\t\t<\/div>\n\t\t<\/div>\n\t\t\t\t\t<\/div>\n\t\t<\/section>\n\t\t\t\t<section class=\"has_eae_slider elementor-section elementor-inner-section elementor-element elementor-element-aaa6a02 home-top-block elementor-section-boxed elementor-section-height-default elementor-section-height-default\" data-eae-slider=\"22441\" data-id=\"aaa6a02\" data-element_type=\"section\" data-e-type=\"section\">\n\t\t\t\t\t\t<div class=\"elementor-container elementor-column-gap-default\">\n\t\t\t\t\t<div class=\"has_eae_slider elementor-column elementor-col-50 elementor-inner-column elementor-element elementor-element-b46637d\" data-eae-slider=\"99177\" data-id=\"b46637d\" data-element_type=\"column\" data-e-type=\"column\">\n\t\t\t<div class=\"elementor-widget-wrap elementor-element-populated\">\n\t\t\t\t\t\t<div class=\"elementor-element elementor-element-8280ae9 elementor-widget elementor-widget-heading\" data-id=\"8280ae9\" data-element_type=\"widget\" data-e-type=\"widget\" data-widget_type=\"heading.default\">\n\t\t\t\t<div class=\"elementor-widget-container\">\n\t\t\t\t\t<h1 class=\"elementor-heading-title elementor-size-default\">\"BUILDING TRUST AND ACHIEVING SUCCESS TOGETHER\"<\/h1>\t\t\t\t<\/div>\n\t\t\t\t<\/div>\n\t\t\t\t<div class=\"elementor-element elementor-element-c172362 elementor-widget elementor-widget-heading\" data-id=\"c172362\" data-element_type=\"widget\" data-e-type=\"widget\" data-widget_type=\"heading.default\">\n\t\t\t\t<div class=\"elementor-widget-container\">\n\t\t\t\t\t<h2 class=\"elementor-heading-title elementor-size-default\">Quality - Reliability - Transparency - Partnership<\/h2>\t\t\t\t<\/div>\n\t\t\t\t<\/div>\n\t\t\t\t<div class=\"elementor-element elementor-element-e621ee8 elementor-widget elementor-widget-text-editor\" data-id=\"e621ee8\" data-element_type=\"widget\" data-e-type=\"widget\" data-widget_type=\"text-editor.default\">\n\t\t\t\t<div class=\"elementor-widget-container\">\n\t\t\t\t\t\t\t\t\t<div><p><span style=\"color: var( --e-global-color-text ); font-family: var( --e-global-typography-17a53d1-font-family ), Sans-serif; font-size: var( --e-global-typography-17a53d1-font-size ); letter-spacing: var( --e-global-typography-17a53d1-letter-spacing ); word-spacing: var( --e-global-typography-17a53d1-word-spacing );\">For over 25 years, we have been a medium-sized, owner-managed auditing firm supporting businesses, institutions, and discerning private individuals across Germany. Our goal is to work together with our clients to develop sustainable, long-term solutions and to support their economic and financial objectives in a lasting manner.<\/span><\/p><p><span style=\"color: var( --e-global-color-text ); font-family: var( --e-global-typography-17a53d1-font-family ), Sans-serif; font-size: var( --e-global-typography-17a53d1-font-size ); letter-spacing: var( --e-global-typography-17a53d1-letter-spacing ); word-spacing: var( --e-global-typography-17a53d1-word-spacing );\">Our range of services includes not only the traditional statutory and group audits in accordance with HGB and IFRS but also the auditing of special-purpose financial statements, the preparation of expert opinions, and comprehensive advisory services in the areas of risk management, compliance, and sustainable corporate governance. In our work, we combine excellent expertise with a deep understanding of the challenges and opportunities faced by medium-sized businesses.<\/span><\/p><p><span style=\"color: var( --e-global-color-text ); font-family: var( --e-global-typography-17a53d1-font-family ), Sans-serif; font-size: var( --e-global-typography-17a53d1-font-size ); letter-spacing: var( --e-global-typography-17a53d1-letter-spacing ); word-spacing: var( --e-global-typography-17a53d1-word-spacing );\">Our clients rely on professional and goal-oriented cooperation that focuses on transparency and reliability. We look forward to supporting you with our expertise and commitment in all auditing matters.<\/span><\/p><p>For reasons of better readability, we refrain from using male and female language forms simultaneously. All personal designations apply to all genders.<\/p><\/div>\t\t\t\t\t\t\t\t<\/div>\n\t\t\t\t<\/div>\n\t\t\t\t\t<\/div>\n\t\t<\/div>\n\t\t\t\t<div class=\"has_eae_slider elementor-column elementor-col-50 elementor-inner-column elementor-element elementor-element-b37b9ac home-video-block\" data-eae-slider=\"67379\" data-id=\"b37b9ac\" data-element_type=\"column\" data-e-type=\"column\">\n\t\t\t<div class=\"elementor-widget-wrap elementor-element-populated\">\n\t\t\t\t\t\t<div class=\"elementor-element elementor-element-6ab837d home-video elementor--h-position-center elementor--v-position-middle elementor-widget elementor-widget-slides\" data-id=\"6ab837d\" data-element_type=\"widget\" data-e-type=\"widget\" data-settings=\"{&quot;navigation&quot;:&quot;none&quot;,&quot;autoplay_speed&quot;:2000,&quot;_animation&quot;:&quot;none&quot;,&quot;autoplay&quot;:&quot;yes&quot;,&quot;pause_on_hover&quot;:&quot;yes&quot;,&quot;pause_on_interaction&quot;:&quot;yes&quot;,&quot;infinite&quot;:&quot;yes&quot;,&quot;transition&quot;:&quot;slide&quot;,&quot;transition_speed&quot;:500}\" data-widget_type=\"slides.default\">\n\t\t\t\t<div class=\"elementor-widget-container\">\n\t\t\t\t\t\t\t<div class=\"elementor-swiper\">\n\t\t\t<div class=\"elementor-slides-wrapper elementor-main-swiper swiper-container\" dir=\"ltr\" data-animation=\"fadeInUp\">\n\t\t\t\t<div class=\"swiper-wrapper elementor-slides\">\n\t\t\t\t\t<div class=\"elementor-repeater-item-990f8bc swiper-slide\"><div class=\"swiper-slide-bg\"><\/div><div class=\"swiper-slide-inner\" ><div class=\"swiper-slide-contents\"><\/div><\/div><\/div><div class=\"elementor-repeater-item-d74502f swiper-slide\"><div class=\"swiper-slide-bg\"><\/div><div class=\"swiper-slide-inner\" ><div class=\"swiper-slide-contents\"><\/div><\/div><\/div><div class=\"elementor-repeater-item-422039e swiper-slide\"><div class=\"swiper-slide-bg\"><\/div><div class=\"swiper-slide-inner\" ><div class=\"swiper-slide-contents\"><\/div><\/div><\/div><div class=\"elementor-repeater-item-74e3169 swiper-slide\"><div class=\"swiper-slide-bg\"><\/div><div class=\"swiper-slide-inner\" ><div class=\"swiper-slide-contents\"><\/div><\/div><\/div>\t\t\t\t<\/div>\n\t\t\t\t\t\t\t\t\t\t\t\t\t\t\t\t\t\t\t\t\t<\/div>\n\t\t<\/div>\n\t\t\t\t\t\t<\/div>\n\t\t\t\t<\/div>\n\t\t\t\t\t<\/div>\n\t\t<\/div>\n\t\t\t\t\t<\/div>\n\t\t<\/section>\n\t\t\t\t\t<\/div>\n\t\t<\/div>\n\t\t\t\t\t<\/div>\n\t\t<\/section>\n\t\t\t\t<section class=\"has_eae_slider elementor-section elementor-top-section elementor-element elementor-element-8367665 elementor-section-boxed elementor-section-height-default elementor-section-height-default elementor-invisible\" data-eae-slider=\"7550\" data-id=\"8367665\" data-element_type=\"section\" data-e-type=\"section\" data-settings=\"{&quot;animation&quot;:&quot;fadeIn&quot;}\">\n\t\t\t\t\t\t<div class=\"elementor-container elementor-column-gap-default\">\n\t\t\t\t\t<div class=\"has_eae_slider elementor-column elementor-col-100 elementor-top-column elementor-element elementor-element-c7d5fbf\" data-eae-slider=\"79424\" data-id=\"c7d5fbf\" data-element_type=\"column\" data-e-type=\"column\">\n\t\t\t<div class=\"elementor-widget-wrap elementor-element-populated\">\n\t\t\t\t\t\t<section class=\"has_eae_slider elementor-section elementor-inner-section elementor-element elementor-element-6c8f7ab home-bottom-three-block elementor-section-boxed elementor-section-height-default elementor-section-height-default\" data-eae-slider=\"71882\" data-id=\"6c8f7ab\" data-element_type=\"section\" data-e-type=\"section\">\n\t\t\t\t\t\t<div class=\"elementor-container elementor-column-gap-default\">\n\t\t\t\t\t<div class=\"has_eae_slider elementor-column elementor-col-33 elementor-inner-column elementor-element elementor-element-5570d79\" data-eae-slider=\"76981\" data-id=\"5570d79\" data-element_type=\"column\" data-e-type=\"column\">\n\t\t\t<div class=\"elementor-widget-wrap elementor-element-populated\">\n\t\t\t\t\t\t<div class=\"elementor-element elementor-element-c0106ec elementor-position-top elementor-widget elementor-widget-image-box\" data-id=\"c0106ec\" data-element_type=\"widget\" data-e-type=\"widget\" data-widget_type=\"image-box.default\">\n\t\t\t\t<div class=\"elementor-widget-container\">\n\t\t\t\t\t<div class=\"elementor-image-box-wrapper\"><figure class=\"elementor-image-box-img\"><a href=\"\/pruefung-von-instituten-und-finanzdienstleistern\/\" tabindex=\"-1\"><img decoding=\"async\" width=\"100\" height=\"100\" src=\"https:\/\/wedding-cie.de\/wp-content\/uploads\/2022\/10\/steuerberatung_icon.png\" class=\"attachment-full size-full wp-image-339\" alt=\"\" \/><\/a><\/figure><div class=\"elementor-image-box-content\"><h3 class=\"elementor-image-box-title\"><a href=\"\/pruefung-von-instituten-und-finanzdienstleistern\/\">Audit<\/a><\/h3><\/div><\/div>\t\t\t\t<\/div>\n\t\t\t\t<\/div>\n\t\t\t\t\t<\/div>\n\t\t<\/div>\n\t\t\t\t<div class=\"has_eae_slider elementor-column elementor-col-33 elementor-inner-column elementor-element elementor-element-9d83d15\" data-eae-slider=\"6449\" data-id=\"9d83d15\" data-element_type=\"column\" data-e-type=\"column\">\n\t\t\t<div class=\"elementor-widget-wrap elementor-element-populated\">\n\t\t\t\t\t\t<div class=\"elementor-element elementor-element-42b8694 elementor-position-top elementor-widget elementor-widget-image-box\" data-id=\"42b8694\" data-element_type=\"widget\" data-e-type=\"widget\" data-widget_type=\"image-box.default\">\n\t\t\t\t<div class=\"elementor-widget-container\">\n\t\t\t\t\t<div class=\"elementor-image-box-wrapper\"><figure class=\"elementor-image-box-img\"><a href=\"\/beratungsleistungen-2\/\" tabindex=\"-1\"><img decoding=\"async\" width=\"100\" height=\"100\" src=\"https:\/\/wedding-cie.de\/wp-content\/uploads\/2022\/11\/magnifier_grey.png\" class=\"attachment-full size-full wp-image-769\" alt=\"\" \/><\/a><\/figure><div class=\"elementor-image-box-content\"><h3 class=\"elementor-image-box-title\"><a href=\"\/beratungsleistungen-2\/\">Advice<\/a><\/h3><\/div><\/div>\t\t\t\t<\/div>\n\t\t\t\t<\/div>\n\t\t\t\t\t<\/div>\n\t\t<\/div>\n\t\t\t\t<div class=\"has_eae_slider elementor-column elementor-col-33 elementor-inner-column elementor-element elementor-element-f2e88cb\" data-eae-slider=\"74918\" data-id=\"f2e88cb\" data-element_type=\"column\" data-e-type=\"column\">\n\t\t\t<div class=\"elementor-widget-wrap elementor-element-populated\">\n\t\t\t\t\t\t<div class=\"elementor-element elementor-element-e46e85f elementor-position-top elementor-widget elementor-widget-image-box\" data-id=\"e46e85f\" data-element_type=\"widget\" data-e-type=\"widget\" data-widget_type=\"image-box.default\">\n\t\t\t\t<div class=\"elementor-widget-container\">\n\t\t\t\t\t<div class=\"elementor-image-box-wrapper\"><figure class=\"elementor-image-box-img\"><a href=\"\/pruefung-von-instituten-und-finanzdienstleistern\/\" tabindex=\"-1\"><img decoding=\"async\" width=\"100\" height=\"100\" src=\"https:\/\/wedding-cie.de\/wp-content\/uploads\/2022\/11\/beraterfberater_icon.png\" class=\"attachment-full size-full wp-image-770\" alt=\"\" \/><\/a><\/figure><div class=\"elementor-image-box-content\"><h3 class=\"elementor-image-box-title\"><a href=\"\/pruefung-von-instituten-und-finanzdienstleistern\/\">Financial Services<\/a><\/h3><\/div><\/div>\t\t\t\t<\/div>\n\t\t\t\t<\/div>\n\t\t\t\t\t<\/div>\n\t\t<\/div>\n\t\t\t\t\t<\/div>\n\t\t<\/section>\n\t\t\t\t\t<\/div>\n\t\t<\/div>\n\t\t\t\t\t<\/div>\n\t\t<\/section>\n\t\t\t\t<section class=\"has_eae_slider elementor-section elementor-top-section elementor-element elementor-element-0a063b3 elementor-section-boxed elementor-section-height-default elementor-section-height-default\" data-eae-slider=\"38248\" data-id=\"0a063b3\" data-element_type=\"section\" data-e-type=\"section\">\n\t\t\t\t\t\t<div class=\"elementor-container elementor-column-gap-default\">\n\t\t\t\t\t<div class=\"has_eae_slider elementor-column elementor-col-100 elementor-top-column elementor-element elementor-element-0d37cd1\" data-eae-slider=\"25278\" data-id=\"0d37cd1\" data-element_type=\"column\" data-e-type=\"column\">\n\t\t\t<div class=\"elementor-widget-wrap\">\n\t\t\t\t\t\t\t<\/div>\n\t\t<\/div>\n\t\t\t\t\t<\/div>\n\t\t<\/section>\n\t\t\t\t<\/div>","protected":false},"excerpt":{"rendered":"<p>\u201eVERTRAUEN SCHAFFEN UND GEMEINSAM ERFOLGE SICHERN&#8220; Qualit\u00e4t &#8211; Verl\u00e4sslichkeit &#8211; Transparenz &#8211; Partnerschaft Seit \u00fcber 25 Jahren stehen wir als mittelst\u00e4ndische und inhabergef\u00fchrte Wirtschaftspr\u00fcfungsgesellschaft Unternehmen, Institutionen und anspruchsvollen Privatpersonen deutschlandweit zur Seite. Unser Ziel ist es, gemeinsam mit unseren Mandanten langfristig tragf\u00e4hige L\u00f6sungen zu entwickeln und ihre wirtschaftlichen und finanziellen Ziele nachhaltig zu unterst\u00fctzen. Unser [&hellip;]<\/p>\n","protected":false},"author":4,"featured_media":0,"parent":0,"menu_order":0,"comment_status":"closed","ping_status":"closed","template":"","meta":{"_acf_changed":false,"footnotes":""},"class_list":["post-11","page","type-page","status-publish","hentry"],"acf":[],"_links":{"self":[{"href":"https:\/\/wedding-cie.de\/en\/wp-json\/wp\/v2\/pages\/11","targetHints":{"allow":["GET"]}}],"collection":[{"href":"https:\/\/wedding-cie.de\/en\/wp-json\/wp\/v2\/pages"}],"about":[{"href":"https:\/\/wedding-cie.de\/en\/wp-json\/wp\/v2\/types\/page"}],"author":[{"embeddable":true,"href":"https:\/\/wedding-cie.de\/en\/wp-json\/wp\/v2\/users\/4"}],"replies":[{"embeddable":true,"href":"https:\/\/wedding-cie.de\/en\/wp-json\/wp\/v2\/comments?post=11"}],"version-history":[{"count":625,"href":"https:\/\/wedding-cie.de\/en\/wp-json\/wp\/v2\/pages\/11\/revisions"}],"predecessor-version":[{"id":3062,"href":"https:\/\/wedding-cie.de\/en\/wp-json\/wp\/v2\/pages\/11\/revisions\/3062"}],"wp:attachment":[{"href":"https:\/\/wedding-cie.de\/en\/wp-json\/wp\/v2\/media?parent=11"}],"curies":[{"name":"wp","href":"https:\/\/api.w.org\/{rel}","templated":true}]}}