{"id":2196,"date":"2025-12-30T08:00:05","date_gmt":"2025-12-30T08:00:05","guid":{"rendered":"http:\/\/178.63.66.23\/?page_id=2196"},"modified":"2026-01-28T13:46:26","modified_gmt":"2026-01-28T12:46:26","slug":"pruefung-von-instituten-und-finanzdienstleistern","status":"publish","type":"page","link":"https:\/\/wedding-cie.de\/en\/pruefung-von-instituten-und-finanzdienstleistern\/","title":{"rendered":"Audit of Institutions and Financial Service Providers"},"content":{"rendered":"<div data-elementor-type=\"wp-page\" data-elementor-id=\"2196\" class=\"elementor elementor-2196\">\n\t\t\t\t\t\t<section class=\"has_eae_slider elementor-section elementor-top-section elementor-element elementor-element-c90e780 elementor-section-boxed elementor-section-height-default elementor-section-height-default\" data-eae-slider=\"89998\" data-id=\"c90e780\" data-element_type=\"section\" data-e-type=\"section\">\n\t\t\t\t\t\t<div class=\"elementor-container elementor-column-gap-default\">\n\t\t\t\t\t<div class=\"has_eae_slider elementor-column elementor-col-100 elementor-top-column elementor-element elementor-element-06ae0a6\" data-eae-slider=\"3787\" data-id=\"06ae0a6\" data-element_type=\"column\" data-e-type=\"column\">\n\t\t\t<div class=\"elementor-widget-wrap elementor-element-populated\">\n\t\t\t\t\t\t<section class=\"has_eae_slider elementor-section elementor-inner-section elementor-element elementor-element-462c2b1 uber-uns-two-text-block elementor-section-boxed elementor-section-height-default elementor-section-height-default\" data-eae-slider=\"3807\" data-id=\"462c2b1\" data-element_type=\"section\" data-e-type=\"section\">\n\t\t\t\t\t\t<div class=\"elementor-container elementor-column-gap-default\">\n\t\t\t\t\t<div class=\"has_eae_slider elementor-column elementor-col-100 elementor-inner-column elementor-element elementor-element-9989e9b\" data-eae-slider=\"55108\" data-id=\"9989e9b\" data-element_type=\"column\" data-e-type=\"column\">\n\t\t\t<div class=\"elementor-widget-wrap elementor-element-populated\">\n\t\t\t\t\t\t<div class=\"elementor-element elementor-element-915b28d elementor-widget elementor-widget-menu-anchor\" data-id=\"915b28d\" data-element_type=\"widget\" data-e-type=\"widget\" data-widget_type=\"menu-anchor.default\">\n\t\t\t\t<div class=\"elementor-widget-container\">\n\t\t\t\t\t\t\t<div class=\"elementor-menu-anchor\" id=\"financial-services\"><\/div>\n\t\t\t\t\t\t<\/div>\n\t\t\t\t<\/div>\n\t\t\t\t<div class=\"elementor-element elementor-element-436a533 elementor-widget elementor-widget-heading\" data-id=\"436a533\" data-element_type=\"widget\" data-e-type=\"widget\" data-widget_type=\"heading.default\">\n\t\t\t\t<div class=\"elementor-widget-container\">\n\t\t\t\t\t<h1 class=\"elementor-heading-title elementor-size-default\">Audit of Institutions and Financial Service Providers<\/h1>\t\t\t\t<\/div>\n\t\t\t\t<\/div>\n\t\t\t\t\t<\/div>\n\t\t<\/div>\n\t\t\t\t\t<\/div>\n\t\t<\/section>\n\t\t\t\t<section class=\"has_eae_slider elementor-section elementor-inner-section elementor-element elementor-element-3dbd800 uber-uns-two-text-block elementor-section-boxed elementor-section-height-default elementor-section-height-default\" data-eae-slider=\"7502\" data-id=\"3dbd800\" data-element_type=\"section\" data-e-type=\"section\">\n\t\t\t\t\t\t<div class=\"elementor-container elementor-column-gap-default\">\n\t\t\t\t\t<div class=\"has_eae_slider elementor-column elementor-col-50 elementor-inner-column elementor-element elementor-element-b2ce2ed\" data-eae-slider=\"58893\" data-id=\"b2ce2ed\" data-element_type=\"column\" data-e-type=\"column\">\n\t\t\t<div class=\"elementor-widget-wrap elementor-element-populated\">\n\t\t\t\t\t\t<div class=\"elementor-element elementor-element-f436e55 elementor-widget elementor-widget-menu-anchor\" data-id=\"f436e55\" data-element_type=\"widget\" data-e-type=\"widget\" data-widget_type=\"menu-anchor.default\">\n\t\t\t\t<div class=\"elementor-widget-container\">\n\t\t\t\t\t\t\t<div class=\"elementor-menu-anchor\" id=\"fs-jahresabschlusspruefung-wpig\"><\/div>\n\t\t\t\t\t\t<\/div>\n\t\t\t\t<\/div>\n\t\t\t\t<div class=\"elementor-element elementor-element-b32b1f6 elementor-widget elementor-widget-heading\" data-id=\"b32b1f6\" data-element_type=\"widget\" data-e-type=\"widget\" data-widget_type=\"heading.default\">\n\t\t\t\t<div class=\"elementor-widget-container\">\n\t\t\t\t\t<h3 class=\"elementor-heading-title elementor-size-default\">Annual audit according to the WpIG<\/h3>\t\t\t\t<\/div>\n\t\t\t\t<\/div>\n\t\t\t\t<div class=\"elementor-element elementor-element-7e4454f elementor-widget elementor-widget-text-editor\" data-id=\"7e4454f\" data-element_type=\"widget\" data-e-type=\"widget\" data-widget_type=\"text-editor.default\">\n\t\t\t\t<div class=\"elementor-widget-container\">\n\t\t\t\t\t\t\t\t\t<div id=\"lipsum\"><div data-id=\"e9e3272\" data-element_type=\"widget\" data-widget_type=\"text-editor.default\"><div id=\"lipsum\"><p>Investment firms pursuant to Section 2 WpIG with a license according to Section 15 WpIG must comply with the provisions of the HGB and the RechKredV applicable to credit institutions for their annual financial statements and are considered large corporations for the purposes of the preparation and audit of their annual financial statements. This classification is made regardless of their size and activity.<\/p><p>Furthermore, they are obliged to fulfill regulatory requirements for business organization, particularly in the areas of compliance, IT risk management, own funds and liquidity, reporting, internal audit and prevention of money laundering. Compliance with these requirements is also subject to audit pursuant to Section 78 WpIG as part of the annual audit of the investment firm.<\/p><p>We have many years of experience in this area, including in dealing and communicating with the respective supervisory authorities. Against the background of increasingly strict and extensive requirements of the European and national supervisory authorities, we see our task as a consulting-oriented service to ensure your compliant processes.<\/p><p>We carry out statutory mandatory audits in compliance with the current legal and regulatory requirements. In doing so, it is taken into account that these activities are to be integrated into your daily processes and carried out efficiently.<\/p><\/div><\/div><\/div>\t\t\t\t\t\t\t\t<\/div>\n\t\t\t\t<\/div>\n\t\t\t\t\t<\/div>\n\t\t<\/div>\n\t\t\t\t<div class=\"has_eae_slider elementor-column elementor-col-50 elementor-inner-column elementor-element elementor-element-48d802f\" data-eae-slider=\"55021\" data-id=\"48d802f\" data-element_type=\"column\" data-e-type=\"column\">\n\t\t\t<div class=\"elementor-widget-wrap elementor-element-populated\">\n\t\t\t\t\t\t<div class=\"elementor-element elementor-element-b69d23e elementor-widget elementor-widget-menu-anchor\" data-id=\"b69d23e\" data-element_type=\"widget\" data-e-type=\"widget\" data-widget_type=\"menu-anchor.default\">\n\t\t\t\t<div class=\"elementor-widget-container\">\n\t\t\t\t\t\t\t<div class=\"elementor-menu-anchor\" id=\"fs-wphg-pruefung\"><\/div>\n\t\t\t\t\t\t<\/div>\n\t\t\t\t<\/div>\n\t\t\t\t<div class=\"elementor-element elementor-element-d080373 elementor-widget elementor-widget-heading\" data-id=\"d080373\" data-element_type=\"widget\" data-e-type=\"widget\" data-widget_type=\"heading.default\">\n\t\t\t\t<div class=\"elementor-widget-container\">\n\t\t\t\t\t<h3 class=\"elementor-heading-title elementor-size-default\">WpHG Audit<\/h3>\t\t\t\t<\/div>\n\t\t\t\t<\/div>\n\t\t\t\t<div class=\"elementor-element elementor-element-2a3c7ab elementor-widget elementor-widget-text-editor\" data-id=\"2a3c7ab\" data-element_type=\"widget\" data-e-type=\"widget\" data-widget_type=\"text-editor.default\">\n\t\t\t\t<div class=\"elementor-widget-container\">\n\t\t\t\t\t\t\t\t\t<div id=\"lipsum\"><div data-id=\"e9e3272\" data-element_type=\"widget\" data-widget_type=\"text-editor.default\"><div id=\"lipsum\"><p>Investment firms and securities service provider companies that offer investment services and ancillary investment services must comply with the conduct of business, organizational, and reporting\/transparency requirements of the WpHG.<\/p><p>Compliance with the conduct of business and reporting requirements is subject to audit pursuant to Section 89 WpHG. Depending on the complexity of the business activities performed, this occurs on an annual or multi-year cycle.<\/p><p>One of our core competencies is the performance of audits in accordance with Section 89 WpHG. We are happy to support you.<\/p><\/div><\/div><\/div>\t\t\t\t\t\t\t\t<\/div>\n\t\t\t\t<\/div>\n\t\t\t\t\t<\/div>\n\t\t<\/div>\n\t\t\t\t\t<\/div>\n\t\t<\/section>\n\t\t\t\t\t<\/div>\n\t\t<\/div>\n\t\t\t\t\t<\/div>\n\t\t<\/section>\n\t\t\t\t<section class=\"has_eae_slider elementor-section elementor-top-section elementor-element elementor-element-12ddf56 elementor-section-boxed elementor-section-height-default elementor-section-height-default\" data-eae-slider=\"15982\" data-id=\"12ddf56\" data-element_type=\"section\" data-e-type=\"section\" data-settings=\"{&quot;background_background&quot;:&quot;gradient&quot;}\">\n\t\t\t\t\t\t<div class=\"elementor-container elementor-column-gap-default\">\n\t\t\t\t\t<div class=\"has_eae_slider elementor-column elementor-col-100 elementor-top-column elementor-element elementor-element-b4e346e\" data-eae-slider=\"4294\" data-id=\"b4e346e\" data-element_type=\"column\" data-e-type=\"column\">\n\t\t\t<div class=\"elementor-widget-wrap elementor-element-populated\">\n\t\t\t\t\t\t<section class=\"has_eae_slider elementor-section elementor-inner-section elementor-element elementor-element-c1f75cc elementor-section-boxed elementor-section-height-default elementor-section-height-default\" data-eae-slider=\"22220\" data-id=\"c1f75cc\" data-element_type=\"section\" data-e-type=\"section\">\n\t\t\t\t\t\t<div class=\"elementor-container elementor-column-gap-default\">\n\t\t\t\t\t<div class=\"has_eae_slider elementor-column elementor-col-50 elementor-inner-column elementor-element elementor-element-6703f3b\" data-eae-slider=\"19814\" data-id=\"6703f3b\" data-element_type=\"column\" data-e-type=\"column\">\n\t\t\t<div class=\"elementor-widget-wrap elementor-element-populated\">\n\t\t\t\t\t\t<div class=\"elementor-element elementor-element-35f6fcf elementor-widget elementor-widget-menu-anchor\" data-id=\"35f6fcf\" data-element_type=\"widget\" data-e-type=\"widget\" data-widget_type=\"menu-anchor.default\">\n\t\t\t\t<div class=\"elementor-widget-container\">\n\t\t\t\t\t\t\t<div class=\"elementor-menu-anchor\" id=\"fs-jahresabschluss-finanzdienstleistungsinstitute\"><\/div>\n\t\t\t\t\t\t<\/div>\n\t\t\t\t<\/div>\n\t\t\t\t<div class=\"elementor-element elementor-element-ff61883 elementor-widget elementor-widget-heading\" data-id=\"ff61883\" data-element_type=\"widget\" data-e-type=\"widget\" data-widget_type=\"heading.default\">\n\t\t\t\t<div class=\"elementor-widget-container\">\n\t\t\t\t\t<h3 class=\"elementor-heading-title elementor-size-default\">Annual Financial Statements of Financial Services Institutions<\/h3>\t\t\t\t<\/div>\n\t\t\t\t<\/div>\n\t\t\t\t<div class=\"elementor-element elementor-element-e8a46ae elementor-widget elementor-widget-text-editor\" data-id=\"e8a46ae\" data-element_type=\"widget\" data-e-type=\"widget\" data-widget_type=\"text-editor.default\">\n\t\t\t\t<div class=\"elementor-widget-container\">\n\t\t\t\t\t\t\t\t\t<div id=\"lipsum\"><p>Financial services institutions, like banks, must submit their audited annual financial statements and management report to BaFin and the Deutsche Bundesbank in accordance with Section 26 of the German Banking Act (KWG). Financial reporting must be carried out in accordance with the industry-specific requirements of the German Commercial Code (HGB) for institutions and the Bank Accounting Regulation (RechKredV), which also applies to financial services institutions.<\/p><p><br \/>Section 29 KWG defines the duties of the statutory auditor, which specifically include auditing the fulfillment of regulatory requirements by the institutions.<\/p><p>We possess extensive experience in auditing institution-specific financial reporting and regulatory requirements in the areas of compliance, risk management, and reporting.<\/p><\/div>\t\t\t\t\t\t\t\t<\/div>\n\t\t\t\t<\/div>\n\t\t\t\t\t<\/div>\n\t\t<\/div>\n\t\t\t\t<div class=\"has_eae_slider elementor-column elementor-col-50 elementor-inner-column elementor-element elementor-element-b0dd571\" data-eae-slider=\"49189\" data-id=\"b0dd571\" data-element_type=\"column\" data-e-type=\"column\">\n\t\t\t<div class=\"elementor-widget-wrap elementor-element-populated\">\n\t\t\t\t\t\t<div class=\"elementor-element elementor-element-73f6013 elementor-widget elementor-widget-menu-anchor\" data-id=\"73f6013\" data-element_type=\"widget\" data-e-type=\"widget\" data-widget_type=\"menu-anchor.default\">\n\t\t\t\t<div class=\"elementor-widget-container\">\n\t\t\t\t\t\t\t<div class=\"elementor-menu-anchor\" id=\"fs-jahresabschlusspruefung-registrierte-kvg\"><\/div>\n\t\t\t\t\t\t<\/div>\n\t\t\t\t<\/div>\n\t\t\t\t<div class=\"elementor-element elementor-element-35016bc elementor-widget elementor-widget-heading\" data-id=\"35016bc\" data-element_type=\"widget\" data-e-type=\"widget\" data-widget_type=\"heading.default\">\n\t\t\t\t<div class=\"elementor-widget-container\">\n\t\t\t\t\t<h3 class=\"elementor-heading-title elementor-size-default\">Annual Audit for Registered AMCs (KVGs)<\/h3>\t\t\t\t<\/div>\n\t\t\t\t<\/div>\n\t\t\t\t<div class=\"elementor-element elementor-element-8a7ba61 elementor-widget elementor-widget-text-editor\" data-id=\"8a7ba61\" data-element_type=\"widget\" data-e-type=\"widget\" data-widget_type=\"text-editor.default\">\n\t\t\t\t<div class=\"elementor-widget-container\">\n\t\t\t\t\t\t\t\t\t<div id=\"lipsum\"><p>Capital management companies that are only subject to registration requirements under Section 44 of the German Capital Investment Code (KAGB) (known as \u201csmall CMOs\u201d) must also undergo an annual audit, albeit with a different focus than fully licensed companies requiring authorization. We conduct the audit of the annual financial statements for you, as well as a separate audit of compliance with conduct of business obligations and money laundering prevention. Thanks to our knowledge of BaFin's administrative practices, we know in detail which simplifications apply to you and where the supervisory authority nevertheless takes a close look. This enables us to carry out an efficient audit tailored to the structure of your KVG, offering you full legal certainty without placing a disproportionate burden on your resources.<\/p><\/div>\t\t\t\t\t\t\t\t<\/div>\n\t\t\t\t<\/div>\n\t\t\t\t\t<\/div>\n\t\t<\/div>\n\t\t\t\t\t<\/div>\n\t\t<\/section>\n\t\t\t\t\t<\/div>\n\t\t<\/div>\n\t\t\t\t\t<\/div>\n\t\t<\/section>\n\t\t\t\t<section class=\"has_eae_slider elementor-section elementor-top-section elementor-element elementor-element-81a39f9 elementor-section-boxed elementor-section-height-default elementor-section-height-default\" data-eae-slider=\"25297\" data-id=\"81a39f9\" data-element_type=\"section\" data-e-type=\"section\">\n\t\t\t\t\t\t<div class=\"elementor-container elementor-column-gap-default\">\n\t\t\t\t\t<div class=\"has_eae_slider elementor-column elementor-col-100 elementor-top-column elementor-element elementor-element-e8dc6f6\" data-eae-slider=\"31456\" data-id=\"e8dc6f6\" data-element_type=\"column\" data-e-type=\"column\">\n\t\t\t<div class=\"elementor-widget-wrap elementor-element-populated\">\n\t\t\t\t\t\t<section class=\"has_eae_slider elementor-section elementor-inner-section elementor-element elementor-element-91020ff uber-uns-two-text-block elementor-section-boxed elementor-section-height-default elementor-section-height-default\" data-eae-slider=\"83385\" data-id=\"91020ff\" data-element_type=\"section\" data-e-type=\"section\">\n\t\t\t\t\t\t<div class=\"elementor-container elementor-column-gap-default\">\n\t\t\t\t\t<div class=\"has_eae_slider elementor-column elementor-col-100 elementor-inner-column elementor-element elementor-element-cdce68d\" data-eae-slider=\"96075\" data-id=\"cdce68d\" data-element_type=\"column\" data-e-type=\"column\">\n\t\t\t<div class=\"elementor-widget-wrap\">\n\t\t\t\t\t\t\t<\/div>\n\t\t<\/div>\n\t\t\t\t\t<\/div>\n\t\t<\/section>\n\t\t\t\t<section class=\"has_eae_slider elementor-section elementor-inner-section elementor-element elementor-element-0a2c6d3 uber-uns-two-text-block elementor-section-boxed elementor-section-height-default elementor-section-height-default\" data-eae-slider=\"24261\" data-id=\"0a2c6d3\" data-element_type=\"section\" data-e-type=\"section\">\n\t\t\t\t\t\t<div class=\"elementor-container elementor-column-gap-default\">\n\t\t\t\t\t<div class=\"has_eae_slider elementor-column elementor-col-100 elementor-inner-column elementor-element elementor-element-33cbf9e\" data-eae-slider=\"69555\" data-id=\"33cbf9e\" data-element_type=\"column\" data-e-type=\"column\">\n\t\t\t<div class=\"elementor-widget-wrap elementor-element-populated\">\n\t\t\t\t\t\t<div class=\"elementor-element elementor-element-bafb10a elementor-widget elementor-widget-menu-anchor\" data-id=\"bafb10a\" data-element_type=\"widget\" data-e-type=\"widget\" data-widget_type=\"menu-anchor.default\">\n\t\t\t\t<div class=\"elementor-widget-container\">\n\t\t\t\t\t\t\t<div class=\"elementor-menu-anchor\" id=\"fs-pruefung-finvemv\"><\/div>\n\t\t\t\t\t\t<\/div>\n\t\t\t\t<\/div>\n\t\t\t\t<div class=\"elementor-element elementor-element-e2ba91b elementor-widget elementor-widget-heading\" data-id=\"e2ba91b\" data-element_type=\"widget\" data-e-type=\"widget\" data-widget_type=\"heading.default\">\n\t\t\t\t<div class=\"elementor-widget-container\">\n\t\t\t\t\t<h3 class=\"elementor-heading-title elementor-size-default\">Audit according to the FinVermV<\/h3>\t\t\t\t<\/div>\n\t\t\t\t<\/div>\n\t\t\t\t<div class=\"elementor-element elementor-element-2245bbe elementor-widget elementor-widget-text-editor\" data-id=\"2245bbe\" data-element_type=\"widget\" data-e-type=\"widget\" data-widget_type=\"text-editor.default\">\n\t\t\t\t<div class=\"elementor-widget-container\">\n\t\t\t\t\t\t\t\t\t<div id=\"lipsum\"><div data-id=\"e9e3272\" data-element_type=\"widget\" data-widget_type=\"text-editor.default\"><div id=\"lipsum\"><p>Financial investment intermediaries licensed under Section 34f of the German Trade Regulation (GewO) are subject to specific regulatory duties under the Financial Investment Brokerage Regulation (FinVermV). They are permitted to provide investment advice and\/or investment brokerage to their clients, but are subject to mandatory audit pursuant to Section 24 FinVermV.<\/p><p><br \/>We would be pleased to perform the audit according to Section 24 FinVermV and IDW Auditing Standard 840 \"Audit of Financial Investment Intermediaries within the meaning of Section 34f GewO according to Section 24 para. 1 sentence 1 FinVermV\" for you as a financial investment intermediary.<\/p><\/div><\/div><\/div>\t\t\t\t\t\t\t\t<\/div>\n\t\t\t\t<\/div>\n\t\t\t\t\t<\/div>\n\t\t<\/div>\n\t\t\t\t\t<\/div>\n\t\t<\/section>\n\t\t\t\t\t<\/div>\n\t\t<\/div>\n\t\t\t\t\t<\/div>\n\t\t<\/section>\n\t\t\t\t<\/div>","protected":false},"excerpt":{"rendered":"<p>Pr\u00fcfung von Instituten und Finanzdienstleistern Jahresabschlusspr\u00fcfung nach WpIG Wertpapierinstitute gem\u00e4\u00df \u00a7 2 WpIG mit der Erlaubnis nach \u00a7 15 WpIG m\u00fcssen bei ihrem Jahresabschluss die f\u00fcr Kreditinstitute geltenden Vorschriften des HGB und der RechKredV einhalten und gelten f\u00fcr Zwecke der Erstellung und Pr\u00fcfung ihres Jahresabschlusses als gro\u00dfe Kapitalgesellschaft. Diese Einstufung erfolgt unabh\u00e4ngig von ihrer Gr\u00f6\u00dfe [&hellip;]<\/p>\n","protected":false},"author":8,"featured_media":0,"parent":0,"menu_order":0,"comment_status":"closed","ping_status":"closed","template":"","meta":{"_acf_changed":false,"footnotes":""},"class_list":["post-2196","page","type-page","status-publish","hentry"],"acf":[],"_links":{"self":[{"href":"https:\/\/wedding-cie.de\/en\/wp-json\/wp\/v2\/pages\/2196","targetHints":{"allow":["GET"]}}],"collection":[{"href":"https:\/\/wedding-cie.de\/en\/wp-json\/wp\/v2\/pages"}],"about":[{"href":"https:\/\/wedding-cie.de\/en\/wp-json\/wp\/v2\/types\/page"}],"author":[{"embeddable":true,"href":"https:\/\/wedding-cie.de\/en\/wp-json\/wp\/v2\/users\/8"}],"replies":[{"embeddable":true,"href":"https:\/\/wedding-cie.de\/en\/wp-json\/wp\/v2\/comments?post=2196"}],"version-history":[{"count":23,"href":"https:\/\/wedding-cie.de\/en\/wp-json\/wp\/v2\/pages\/2196\/revisions"}],"predecessor-version":[{"id":3066,"href":"https:\/\/wedding-cie.de\/en\/wp-json\/wp\/v2\/pages\/2196\/revisions\/3066"}],"wp:attachment":[{"href":"https:\/\/wedding-cie.de\/en\/wp-json\/wp\/v2\/media?parent=2196"}],"curies":[{"name":"wp","href":"https:\/\/api.w.org\/{rel}","templated":true}]}}