{"id":2221,"date":"2025-12-30T08:00:01","date_gmt":"2025-12-30T08:00:01","guid":{"rendered":"http:\/\/178.63.66.23\/?page_id=2221"},"modified":"2026-01-15T14:18:30","modified_gmt":"2026-01-15T14:18:30","slug":"interne-revision-und-iks","status":"publish","type":"page","link":"https:\/\/wedding-cie.de\/en\/interne-revision-und-iks\/","title":{"rendered":"Internal audit and ICS"},"content":{"rendered":"<div data-elementor-type=\"wp-page\" data-elementor-id=\"2221\" class=\"elementor elementor-2221\">\n\t\t\t\t\t\t<section class=\"has_eae_slider elementor-section elementor-top-section elementor-element elementor-element-c90e780 elementor-section-boxed elementor-section-height-default elementor-section-height-default\" data-eae-slider=\"84539\" data-id=\"c90e780\" data-element_type=\"section\" data-e-type=\"section\">\n\t\t\t\t\t\t<div class=\"elementor-container elementor-column-gap-default\">\n\t\t\t\t\t<div class=\"has_eae_slider elementor-column elementor-col-100 elementor-top-column elementor-element elementor-element-06ae0a6\" data-eae-slider=\"78861\" data-id=\"06ae0a6\" data-element_type=\"column\" data-e-type=\"column\">\n\t\t\t<div class=\"elementor-widget-wrap elementor-element-populated\">\n\t\t\t\t\t\t<section class=\"has_eae_slider elementor-section elementor-inner-section elementor-element elementor-element-462c2b1 uber-uns-two-text-block elementor-section-boxed elementor-section-height-default elementor-section-height-default\" data-eae-slider=\"31892\" data-id=\"462c2b1\" data-element_type=\"section\" data-e-type=\"section\">\n\t\t\t\t\t\t<div class=\"elementor-container elementor-column-gap-default\">\n\t\t\t\t\t<div class=\"has_eae_slider elementor-column elementor-col-100 elementor-inner-column elementor-element elementor-element-9989e9b\" data-eae-slider=\"45530\" data-id=\"9989e9b\" data-element_type=\"column\" data-e-type=\"column\">\n\t\t\t<div class=\"elementor-widget-wrap elementor-element-populated\">\n\t\t\t\t\t\t<div class=\"elementor-element elementor-element-0dac613 elementor-widget elementor-widget-menu-anchor\" data-id=\"0dac613\" data-element_type=\"widget\" data-e-type=\"widget\" data-widget_type=\"menu-anchor.default\">\n\t\t\t\t<div class=\"elementor-widget-container\">\n\t\t\t\t\t\t\t<div class=\"elementor-menu-anchor\" id=\"interne-revision-iks\"><\/div>\n\t\t\t\t\t\t<\/div>\n\t\t\t\t<\/div>\n\t\t\t\t<div class=\"elementor-element elementor-element-436a533 elementor-widget elementor-widget-heading\" data-id=\"436a533\" data-element_type=\"widget\" data-e-type=\"widget\" data-widget_type=\"heading.default\">\n\t\t\t\t<div class=\"elementor-widget-container\">\n\t\t\t\t\t<h1 class=\"elementor-heading-title elementor-size-default\">Internal audit and ICS<\/h1>\t\t\t\t<\/div>\n\t\t\t\t<\/div>\n\t\t\t\t\t<\/div>\n\t\t<\/div>\n\t\t\t\t\t<\/div>\n\t\t<\/section>\n\t\t\t\t<section class=\"has_eae_slider elementor-section elementor-inner-section elementor-element elementor-element-3dbd800 uber-uns-two-text-block elementor-section-boxed elementor-section-height-default elementor-section-height-default\" data-eae-slider=\"49970\" data-id=\"3dbd800\" data-element_type=\"section\" data-e-type=\"section\">\n\t\t\t\t\t\t<div class=\"elementor-container elementor-column-gap-default\">\n\t\t\t\t\t<div class=\"has_eae_slider elementor-column elementor-col-50 elementor-inner-column elementor-element elementor-element-b2ce2ed\" data-eae-slider=\"79355\" data-id=\"b2ce2ed\" data-element_type=\"column\" data-e-type=\"column\">\n\t\t\t<div class=\"elementor-widget-wrap elementor-element-populated\">\n\t\t\t\t\t\t<div class=\"elementor-element elementor-element-94bc5e2 elementor-widget elementor-widget-menu-anchor\" data-id=\"94bc5e2\" data-element_type=\"widget\" data-e-type=\"widget\" data-widget_type=\"menu-anchor.default\">\n\t\t\t\t<div class=\"elementor-widget-container\">\n\t\t\t\t\t\t\t<div class=\"elementor-menu-anchor\" id=\"ir-interne-revision\"><\/div>\n\t\t\t\t\t\t<\/div>\n\t\t\t\t<\/div>\n\t\t\t\t<div class=\"elementor-element elementor-element-b32b1f6 elementor-widget elementor-widget-heading\" data-id=\"b32b1f6\" data-element_type=\"widget\" data-e-type=\"widget\" data-widget_type=\"heading.default\">\n\t\t\t\t<div class=\"elementor-widget-container\">\n\t\t\t\t\t<h3 class=\"elementor-heading-title elementor-size-default\">Internal Audit<\/h3>\t\t\t\t<\/div>\n\t\t\t\t<\/div>\n\t\t\t\t<div class=\"elementor-element elementor-element-4072153 elementor-widget elementor-widget-text-editor\" data-id=\"4072153\" data-element_type=\"widget\" data-e-type=\"widget\" data-widget_type=\"text-editor.default\">\n\t\t\t\t<div class=\"elementor-widget-container\">\n\t\t\t\t\t\t\t\t\t<p>Internal Audit is often perceived as a mere control instance\u2014yet it is far more than that. A professionally established internal audit function creates transparency, promotes efficient processes, and contributes significantly to sustainable corporate management. Companies that outsource their audit processes or have them reviewed on a project basis benefit from an independent perspective and a well-founded assessment of internal structures.<\/p><p>Our consultants possess extensive experience in internal audit as well as in the auditing and consulting environment, with backgrounds in international accounting firms. We conduct internal audits in a structured, risk-oriented manner and according to recognized standards. In doing so, we uncover weaknesses, evaluate control mechanisms, and provide concrete recommendations for optimizing processes and governance structures.<\/p><p>Personal support from the responsible professional ensures that issues are discussed efficiently and solutions can be implemented promptly. In addition to outsourced internal audits, we undertake special audits or topic-specific process reviews\u2014always with the goal of increasing the value added to your company and ensuring the long-term quality of internal procedures.<\/p>\t\t\t\t\t\t\t\t<\/div>\n\t\t\t\t<\/div>\n\t\t\t\t\t<\/div>\n\t\t<\/div>\n\t\t\t\t<div class=\"has_eae_slider elementor-column elementor-col-50 elementor-inner-column elementor-element elementor-element-48d802f\" data-eae-slider=\"5019\" data-id=\"48d802f\" data-element_type=\"column\" data-e-type=\"column\">\n\t\t\t<div class=\"elementor-widget-wrap elementor-element-populated\">\n\t\t\t\t\t\t<div class=\"elementor-element elementor-element-23278fd elementor-widget elementor-widget-menu-anchor\" data-id=\"23278fd\" data-element_type=\"widget\" data-e-type=\"widget\" data-widget_type=\"menu-anchor.default\">\n\t\t\t\t<div class=\"elementor-widget-container\">\n\t\t\t\t\t\t\t<div class=\"elementor-menu-anchor\" id=\"ir-iks-pruefung-beratung\"><\/div>\n\t\t\t\t\t\t<\/div>\n\t\t\t\t<\/div>\n\t\t\t\t<div class=\"elementor-element elementor-element-8be43c8 elementor-widget elementor-widget-heading\" data-id=\"8be43c8\" data-element_type=\"widget\" data-e-type=\"widget\" data-widget_type=\"heading.default\">\n\t\t\t\t<div class=\"elementor-widget-container\">\n\t\t\t\t\t<h3 class=\"elementor-heading-title elementor-size-default\">ICS Audit and Advisory<\/h3>\t\t\t\t<\/div>\n\t\t\t\t<\/div>\n\t\t\t\t<div class=\"elementor-element elementor-element-796c026 elementor-widget elementor-widget-text-editor\" data-id=\"796c026\" data-element_type=\"widget\" data-e-type=\"widget\" data-widget_type=\"text-editor.default\">\n\t\t\t\t<div class=\"elementor-widget-container\">\n\t\t\t\t\t\t\t\t\t<p>An effective Internal Control System (ICS) is an essential foundation for proper corporate management and protects against errors, inefficiencies, and compliance violations. Regular review of the ICS is therefore not only a regulatory or organizational necessity but a decisive factor for the stability and reliability of operational processes.<\/p><p>Our audit and advisory services in the area of ICS combine technical depth with a practical approach. We analyze the structure and effectiveness of existing controls, evaluate the control design, and provide specific recommendations for further development. Analogous to the financial statement audit, we place particular value on personal and continuous support from the responsible professional in order to handle topics efficiently and in a solution-oriented manner.<\/p><p>Our clients benefit from our experience in various industries, particularly in the industrial, retail, and financial services sectors. We support both companies subject to mandatory audits and those not subject to such audits in the establishment, documentation, and continuous improvement of their ICS\u2014as a reliable partner for secure and traceable processes.<\/p>\t\t\t\t\t\t\t\t<\/div>\n\t\t\t\t<\/div>\n\t\t\t\t\t<\/div>\n\t\t<\/div>\n\t\t\t\t\t<\/div>\n\t\t<\/section>\n\t\t\t\t\t<\/div>\n\t\t<\/div>\n\t\t\t\t\t<\/div>\n\t\t<\/section>\n\t\t\t\t<\/div>","protected":false},"excerpt":{"rendered":"<p>Interne Revision und IKS Interne Revision Die Interne Revision wird h\u00e4ufig als reine Kontrollinstanz wahrgenommen \u2013 dabei ist sie weit mehr als das. Eine professionell aufgestellte Revisionsfunktion schafft Transparenz, f\u00f6rdert effiziente Abl\u00e4ufe und tr\u00e4gt wesentlich zur nachhaltigen Unternehmenssteuerung bei. Unternehmen, die ihre Revisionsprozesse auslagern oder punktuell pr\u00fcfen lassen, profitieren von einer unabh\u00e4ngigen Sichtweise und einer [&hellip;]<\/p>\n","protected":false},"author":8,"featured_media":0,"parent":0,"menu_order":0,"comment_status":"closed","ping_status":"closed","template":"","meta":{"_acf_changed":false,"footnotes":""},"class_list":["post-2221","page","type-page","status-publish","hentry"],"acf":[],"_links":{"self":[{"href":"https:\/\/wedding-cie.de\/en\/wp-json\/wp\/v2\/pages\/2221","targetHints":{"allow":["GET"]}}],"collection":[{"href":"https:\/\/wedding-cie.de\/en\/wp-json\/wp\/v2\/pages"}],"about":[{"href":"https:\/\/wedding-cie.de\/en\/wp-json\/wp\/v2\/types\/page"}],"author":[{"embeddable":true,"href":"https:\/\/wedding-cie.de\/en\/wp-json\/wp\/v2\/users\/8"}],"replies":[{"embeddable":true,"href":"https:\/\/wedding-cie.de\/en\/wp-json\/wp\/v2\/comments?post=2221"}],"version-history":[{"count":20,"href":"https:\/\/wedding-cie.de\/en\/wp-json\/wp\/v2\/pages\/2221\/revisions"}],"predecessor-version":[{"id":2850,"href":"https:\/\/wedding-cie.de\/en\/wp-json\/wp\/v2\/pages\/2221\/revisions\/2850"}],"wp:attachment":[{"href":"https:\/\/wedding-cie.de\/en\/wp-json\/wp\/v2\/media?parent=2221"}],"curies":[{"name":"wp","href":"https:\/\/api.w.org\/{rel}","templated":true}]}}