{"id":2225,"date":"2025-12-30T08:00:59","date_gmt":"2025-12-30T08:00:59","guid":{"rendered":"http:\/\/178.63.66.23\/?page_id=2225"},"modified":"2026-01-15T14:19:30","modified_gmt":"2026-01-15T14:19:30","slug":"nachhaltigkeit","status":"publish","type":"page","link":"https:\/\/wedding-cie.de\/en\/nachhaltigkeit\/","title":{"rendered":"Sustainability"},"content":{"rendered":"<div data-elementor-type=\"wp-page\" data-elementor-id=\"2225\" class=\"elementor elementor-2225\">\n\t\t\t\t\t\t<section class=\"has_eae_slider elementor-section elementor-top-section elementor-element elementor-element-c90e780 elementor-section-boxed elementor-section-height-default elementor-section-height-default\" data-eae-slider=\"23554\" data-id=\"c90e780\" data-element_type=\"section\" data-e-type=\"section\">\n\t\t\t\t\t\t<div class=\"elementor-container elementor-column-gap-default\">\n\t\t\t\t\t<div class=\"has_eae_slider elementor-column elementor-col-100 elementor-top-column elementor-element elementor-element-06ae0a6\" data-eae-slider=\"51325\" data-id=\"06ae0a6\" data-element_type=\"column\" data-e-type=\"column\">\n\t\t\t<div class=\"elementor-widget-wrap elementor-element-populated\">\n\t\t\t\t\t\t<section class=\"has_eae_slider elementor-section elementor-inner-section elementor-element elementor-element-462c2b1 uber-uns-two-text-block elementor-section-boxed elementor-section-height-default elementor-section-height-default\" data-eae-slider=\"69147\" data-id=\"462c2b1\" data-element_type=\"section\" data-e-type=\"section\">\n\t\t\t\t\t\t<div class=\"elementor-container elementor-column-gap-default\">\n\t\t\t\t\t<div class=\"has_eae_slider elementor-column elementor-col-100 elementor-inner-column elementor-element elementor-element-9989e9b\" data-eae-slider=\"34109\" data-id=\"9989e9b\" data-element_type=\"column\" data-e-type=\"column\">\n\t\t\t<div class=\"elementor-widget-wrap elementor-element-populated\">\n\t\t\t\t\t\t<div class=\"elementor-element elementor-element-c912c8c elementor-widget elementor-widget-menu-anchor\" data-id=\"c912c8c\" data-element_type=\"widget\" data-e-type=\"widget\" data-widget_type=\"menu-anchor.default\">\n\t\t\t\t<div class=\"elementor-widget-container\">\n\t\t\t\t\t\t\t<div class=\"elementor-menu-anchor\" id=\"nachhaltigkeit\"><\/div>\n\t\t\t\t\t\t<\/div>\n\t\t\t\t<\/div>\n\t\t\t\t<div class=\"elementor-element elementor-element-436a533 elementor-widget elementor-widget-heading\" data-id=\"436a533\" data-element_type=\"widget\" data-e-type=\"widget\" data-widget_type=\"heading.default\">\n\t\t\t\t<div class=\"elementor-widget-container\">\n\t\t\t\t\t<h1 class=\"elementor-heading-title elementor-size-default\">Sustainability<\/h1>\t\t\t\t<\/div>\n\t\t\t\t<\/div>\n\t\t\t\t\t<\/div>\n\t\t<\/div>\n\t\t\t\t\t<\/div>\n\t\t<\/section>\n\t\t\t\t<section class=\"has_eae_slider elementor-section elementor-inner-section elementor-element elementor-element-3dbd800 uber-uns-two-text-block elementor-section-boxed elementor-section-height-default elementor-section-height-default\" data-eae-slider=\"6382\" data-id=\"3dbd800\" data-element_type=\"section\" data-e-type=\"section\">\n\t\t\t\t\t\t<div class=\"elementor-container elementor-column-gap-default\">\n\t\t\t\t\t<div class=\"has_eae_slider elementor-column elementor-col-100 elementor-inner-column elementor-element elementor-element-b2ce2ed\" data-eae-slider=\"23528\" data-id=\"b2ce2ed\" data-element_type=\"column\" data-e-type=\"column\">\n\t\t\t<div class=\"elementor-widget-wrap elementor-element-populated\">\n\t\t\t\t\t\t<div class=\"elementor-element elementor-element-f700f1f elementor-widget elementor-widget-menu-anchor\" data-id=\"f700f1f\" data-element_type=\"widget\" data-e-type=\"widget\" data-widget_type=\"menu-anchor.default\">\n\t\t\t\t<div class=\"elementor-widget-container\">\n\t\t\t\t\t\t\t<div class=\"elementor-menu-anchor\" id=\"nh-esg-beratung\"><\/div>\n\t\t\t\t\t\t<\/div>\n\t\t\t\t<\/div>\n\t\t\t\t<div class=\"elementor-element elementor-element-b32b1f6 elementor-widget elementor-widget-heading\" data-id=\"b32b1f6\" data-element_type=\"widget\" data-e-type=\"widget\" data-widget_type=\"heading.default\">\n\t\t\t\t<div class=\"elementor-widget-container\">\n\t\t\t\t\t<h3 class=\"elementor-heading-title elementor-size-default\">ESG Advisory<\/h3>\t\t\t\t<\/div>\n\t\t\t\t<\/div>\n\t\t\t\t<div class=\"elementor-element elementor-element-7e4454f elementor-widget elementor-widget-text-editor\" data-id=\"7e4454f\" data-element_type=\"widget\" data-e-type=\"widget\" data-widget_type=\"text-editor.default\">\n\t\t\t\t<div class=\"elementor-widget-container\">\n\t\t\t\t\t\t\t\t\t<div id=\"lipsum\"><div data-id=\"e9e3272\" data-element_type=\"widget\" data-widget_type=\"text-editor.default\"><div id=\"lipsum\"><p>The requirements for Environmental, Social, and Governance (ESG) reporting are steadily increasing\u2014not only for large corporations but increasingly for medium-sized enterprises as well. Banks, investors, and business partners are increasingly demanding reliable sustainability data to make informed decisions. Structured ESG reporting offers not only transparency but also opportunities: it strengthens reputation, facilitates access to financing, and demonstrates accountability in the market.<\/p><p>Our ESG advisory supports you in implementing complex requirements pragmatically and purposefully. We collect and evaluate ESG-relevant KPIs, develop a company-specific ESG data register, and guide you in the preparation of reports according to common standards. In doing so, we draw on our interdisciplinary experience in auditing, risk management, and governance advisory.<\/p><p>Close personal support from the responsible professional ensures practical implementation\u2014tailored to the structure and size of your company. Our goal is to make sustainable corporate management measurable and to strengthen your position toward stakeholders, customers, and lenders in the long term.<\/p><\/div><\/div><\/div>\t\t\t\t\t\t\t\t<\/div>\n\t\t\t\t<\/div>\n\t\t\t\t\t<\/div>\n\t\t<\/div>\n\t\t\t\t\t<\/div>\n\t\t<\/section>\n\t\t\t\t\t<\/div>\n\t\t<\/div>\n\t\t\t\t\t<\/div>\n\t\t<\/section>\n\t\t\t\t<section class=\"has_eae_slider elementor-section elementor-top-section elementor-element elementor-element-6d77e83 elementor-section-boxed elementor-section-height-default elementor-section-height-default\" data-eae-slider=\"23200\" data-id=\"6d77e83\" data-element_type=\"section\" data-e-type=\"section\" data-settings=\"{&quot;background_background&quot;:&quot;gradient&quot;}\">\n\t\t\t\t\t\t<div class=\"elementor-container elementor-column-gap-default\">\n\t\t\t\t\t<div class=\"has_eae_slider elementor-column elementor-col-100 elementor-top-column elementor-element elementor-element-e7e91b7\" data-eae-slider=\"7719\" data-id=\"e7e91b7\" data-element_type=\"column\" data-e-type=\"column\">\n\t\t\t<div class=\"elementor-widget-wrap elementor-element-populated\">\n\t\t\t\t\t\t<section class=\"has_eae_slider elementor-section elementor-inner-section elementor-element elementor-element-d8d0aca elementor-section-boxed elementor-section-height-default elementor-section-height-default\" data-eae-slider=\"69390\" data-id=\"d8d0aca\" data-element_type=\"section\" data-e-type=\"section\">\n\t\t\t\t\t\t<div class=\"elementor-container elementor-column-gap-default\">\n\t\t\t\t\t<div class=\"has_eae_slider elementor-column elementor-col-100 elementor-inner-column elementor-element elementor-element-2053803\" data-eae-slider=\"50256\" data-id=\"2053803\" data-element_type=\"column\" data-e-type=\"column\">\n\t\t\t<div class=\"elementor-widget-wrap elementor-element-populated\">\n\t\t\t\t\t\t<div class=\"elementor-element elementor-element-90270a2 elementor-widget elementor-widget-menu-anchor\" data-id=\"90270a2\" data-element_type=\"widget\" data-e-type=\"widget\" data-widget_type=\"menu-anchor.default\">\n\t\t\t\t<div class=\"elementor-widget-container\">\n\t\t\t\t\t\t\t<div class=\"elementor-menu-anchor\" id=\"nh-offenlegung-taxonomie-sfdr\"><\/div>\n\t\t\t\t\t\t<\/div>\n\t\t\t\t<\/div>\n\t\t\t\t<div class=\"elementor-element elementor-element-872526f elementor-widget elementor-widget-heading\" data-id=\"872526f\" data-element_type=\"widget\" data-e-type=\"widget\" data-widget_type=\"heading.default\">\n\t\t\t\t<div class=\"elementor-widget-container\">\n\t\t\t\t\t<h3 class=\"elementor-heading-title elementor-size-default\">Advisory regarding the Disclosure Regulation and Taxonomy Regulation<\/h3>\t\t\t\t<\/div>\n\t\t\t\t<\/div>\n\t\t\t\t<div class=\"elementor-element elementor-element-36d2592 elementor-widget elementor-widget-text-editor\" data-id=\"36d2592\" data-element_type=\"widget\" data-e-type=\"widget\" data-widget_type=\"text-editor.default\">\n\t\t\t\t<div class=\"elementor-widget-container\">\n\t\t\t\t\t\t\t\t\t<div id=\"lipsum\"><p>The regulatory requirements of the EU, particularly the Sustainable Finance Disclosure Regulation (SFDR) and the Taxonomy Regulation, present significant challenges for companies and financial market participants in implementing sustainable finance. We provide comprehensive guidance in the interpretation and implementation of these complex EU regulations. This includes the analysis of sustainability risks, the calculation of taxonomy alignment (Turnover, CapEx, OpEx), and the necessary disclosures in financial reports. Our expertise is based on an early and profound engagement with the delegated acts and the constantly evolving standards. As interdisciplinary advisors, we combine accounting precision with regulatory foresight. In doing so, we not only ensure the compliance of your reporting but also help you strategically utilize regulatory adherence to attract investors and position yourself for the future.<\/p><\/div>\t\t\t\t\t\t\t\t<\/div>\n\t\t\t\t<\/div>\n\t\t\t\t\t<\/div>\n\t\t<\/div>\n\t\t\t\t\t<\/div>\n\t\t<\/section>\n\t\t\t\t\t<\/div>\n\t\t<\/div>\n\t\t\t\t\t<\/div>\n\t\t<\/section>\n\t\t\t\t<\/div>","protected":false},"excerpt":{"rendered":"<p>Nachhaltigkeit ESG-Beratung Die Anforderungen an Umwelt-, Sozial- und Governance-Berichterstattung (ESG) nehmen stetig zu \u2013 nicht nur f\u00fcr gro\u00dfe, sondern zunehmend auch f\u00fcr mittelst\u00e4ndische Unternehmen. Banken, Investoren und Gesch\u00e4ftspartner fordern zunehmend belastbare Nachhaltigkeitsdaten, um Entscheidungen fundiert treffen zu k\u00f6nnen. Eine strukturierte ESG-Berichterstattung bietet dabei nicht nur Transparenz, sondern auch Chancen: Sie st\u00e4rkt die Reputation, erleichtert den [&hellip;]<\/p>\n","protected":false},"author":8,"featured_media":0,"parent":0,"menu_order":0,"comment_status":"closed","ping_status":"closed","template":"","meta":{"_acf_changed":false,"footnotes":""},"class_list":["post-2225","page","type-page","status-publish","hentry"],"acf":[],"_links":{"self":[{"href":"https:\/\/wedding-cie.de\/en\/wp-json\/wp\/v2\/pages\/2225","targetHints":{"allow":["GET"]}}],"collection":[{"href":"https:\/\/wedding-cie.de\/en\/wp-json\/wp\/v2\/pages"}],"about":[{"href":"https:\/\/wedding-cie.de\/en\/wp-json\/wp\/v2\/types\/page"}],"author":[{"embeddable":true,"href":"https:\/\/wedding-cie.de\/en\/wp-json\/wp\/v2\/users\/8"}],"replies":[{"embeddable":true,"href":"https:\/\/wedding-cie.de\/en\/wp-json\/wp\/v2\/comments?post=2225"}],"version-history":[{"count":26,"href":"https:\/\/wedding-cie.de\/en\/wp-json\/wp\/v2\/pages\/2225\/revisions"}],"predecessor-version":[{"id":2853,"href":"https:\/\/wedding-cie.de\/en\/wp-json\/wp\/v2\/pages\/2225\/revisions\/2853"}],"wp:attachment":[{"href":"https:\/\/wedding-cie.de\/en\/wp-json\/wp\/v2\/media?parent=2225"}],"curies":[{"name":"wp","href":"https:\/\/api.w.org\/{rel}","templated":true}]}}