{"id":2435,"date":"2025-12-30T08:00:17","date_gmt":"2025-12-30T08:00:17","guid":{"rendered":"http:\/\/178.63.66.23\/?page_id=2435"},"modified":"2026-01-15T14:16:44","modified_gmt":"2026-01-15T14:16:44","slug":"pruefungsleistungen","status":"publish","type":"page","link":"https:\/\/wedding-cie.de\/en\/pruefungsleistungen\/","title":{"rendered":"Audit Services"},"content":{"rendered":"<div data-elementor-type=\"wp-page\" data-elementor-id=\"2435\" class=\"elementor elementor-2435\">\n\t\t\t\t\t\t<section class=\"has_eae_slider elementor-section elementor-top-section elementor-element elementor-element-c90e780 elementor-section-boxed elementor-section-height-default elementor-section-height-default\" data-eae-slider=\"57478\" data-id=\"c90e780\" data-element_type=\"section\" data-e-type=\"section\">\n\t\t\t\t\t\t<div class=\"elementor-container elementor-column-gap-default\">\n\t\t\t\t\t<div class=\"has_eae_slider elementor-column elementor-col-100 elementor-top-column elementor-element elementor-element-06ae0a6\" data-eae-slider=\"81673\" data-id=\"06ae0a6\" data-element_type=\"column\" data-e-type=\"column\">\n\t\t\t<div class=\"elementor-widget-wrap elementor-element-populated\">\n\t\t\t\t\t\t<section class=\"has_eae_slider elementor-section elementor-inner-section elementor-element elementor-element-3dbd800 uber-uns-two-text-block elementor-section-boxed elementor-section-height-default elementor-section-height-default\" data-eae-slider=\"65051\" data-id=\"3dbd800\" data-element_type=\"section\" data-e-type=\"section\">\n\t\t\t\t\t\t<div class=\"elementor-container elementor-column-gap-default\">\n\t\t\t\t\t<div class=\"has_eae_slider elementor-column elementor-col-100 elementor-inner-column elementor-element elementor-element-9989e9b\" data-eae-slider=\"88241\" data-id=\"9989e9b\" data-element_type=\"column\" data-e-type=\"column\">\n\t\t\t<div class=\"elementor-widget-wrap elementor-element-populated\">\n\t\t\t\t\t\t<div class=\"elementor-element elementor-element-f13fd40 elementor-widget elementor-widget-menu-anchor\" data-id=\"f13fd40\" data-element_type=\"widget\" data-e-type=\"widget\" data-widget_type=\"menu-anchor.default\">\n\t\t\t\t<div class=\"elementor-widget-container\">\n\t\t\t\t\t\t\t<div class=\"elementor-menu-anchor\" id=\"pruefungsleistungen\"><\/div>\n\t\t\t\t\t\t<\/div>\n\t\t\t\t<\/div>\n\t\t\t\t<div class=\"elementor-element elementor-element-436a533 elementor-widget elementor-widget-heading\" data-id=\"436a533\" data-element_type=\"widget\" data-e-type=\"widget\" data-widget_type=\"heading.default\">\n\t\t\t\t<div class=\"elementor-widget-container\">\n\t\t\t\t\t<h1 class=\"elementor-heading-title elementor-size-default\">Audit Services<\/h1>\t\t\t\t<\/div>\n\t\t\t\t<\/div>\n\t\t\t\t\t<\/div>\n\t\t<\/div>\n\t\t\t\t\t<\/div>\n\t\t<\/section>\n\t\t\t\t<section class=\"has_eae_slider elementor-section elementor-inner-section elementor-element elementor-element-ccb12a0 elementor-section-boxed elementor-section-height-default elementor-section-height-default\" data-eae-slider=\"40406\" data-id=\"ccb12a0\" data-element_type=\"section\" data-e-type=\"section\">\n\t\t\t\t\t\t<div class=\"elementor-container elementor-column-gap-default\">\n\t\t\t\t\t<div class=\"has_eae_slider elementor-column elementor-col-50 elementor-inner-column elementor-element elementor-element-6ebfb80\" data-eae-slider=\"96903\" data-id=\"6ebfb80\" data-element_type=\"column\" data-e-type=\"column\">\n\t\t\t<div class=\"elementor-widget-wrap elementor-element-populated\">\n\t\t\t\t\t\t<div class=\"elementor-element elementor-element-b01deb7 elementor-widget elementor-widget-menu-anchor\" data-id=\"b01deb7\" data-element_type=\"widget\" data-e-type=\"widget\" data-widget_type=\"menu-anchor.default\">\n\t\t\t\t<div class=\"elementor-widget-container\">\n\t\t\t\t\t\t\t<div class=\"elementor-menu-anchor\" id=\"pl-jahres-und-konzernabschlusspruefung\"><\/div>\n\t\t\t\t\t\t<\/div>\n\t\t\t\t<\/div>\n\t\t\t\t<div class=\"elementor-element elementor-element-8d626c5 elementor-widget elementor-widget-heading\" data-id=\"8d626c5\" data-element_type=\"widget\" data-e-type=\"widget\" data-widget_type=\"heading.default\">\n\t\t\t\t<div class=\"elementor-widget-container\">\n\t\t\t\t\t<h3 class=\"elementor-heading-title elementor-size-default\">Annual and Consolidated Financial Statement Audit<\/h3>\t\t\t\t<\/div>\n\t\t\t\t<\/div>\n\t\t\t\t<div class=\"elementor-element elementor-element-cfaece5 elementor-widget elementor-widget-text-editor\" data-id=\"cfaece5\" data-element_type=\"widget\" data-e-type=\"widget\" data-widget_type=\"text-editor.default\">\n\t\t\t\t<div class=\"elementor-widget-container\">\n\t\t\t\t\t\t\t\t\t<div id=\"lipsum\"><div id=\"lipsum\"><div data-id=\"e9e3272\" data-element_type=\"widget\" data-widget_type=\"text-editor.default\"><div id=\"lipsum\"><p>The statutory audit of annual and consolidated financial statements forms the foundation for the trust that investors, banks, and business partners place in your financial reporting. We conduct these audits in accordance with national (HGB) and international (IFRS) accounting standards and provide you with the necessary assurance regarding the regularity of your financial statements. Our expertise in this field is drawn not only from our partners' decades of experience across various industries\u2014ranging from medium-sized manufacturing companies to large corporations\u2014but also from our commitment to a modern, risk-oriented, and digitally supported audit approach. This allows us to work efficiently, identify risks at an early stage, and provide valuable insights for optimizing your internal control systems and processes beyond the mere audit opinion.<\/p><\/div><\/div><\/div><\/div>\t\t\t\t\t\t\t\t<\/div>\n\t\t\t\t<\/div>\n\t\t\t\t\t<\/div>\n\t\t<\/div>\n\t\t\t\t<div class=\"has_eae_slider elementor-column elementor-col-50 elementor-inner-column elementor-element elementor-element-ca2d067\" data-eae-slider=\"76404\" data-id=\"ca2d067\" data-element_type=\"column\" data-e-type=\"column\">\n\t\t\t<div class=\"elementor-widget-wrap elementor-element-populated\">\n\t\t\t\t\t\t<div class=\"elementor-element elementor-element-a212a0e elementor-widget elementor-widget-menu-anchor\" data-id=\"a212a0e\" data-element_type=\"widget\" data-e-type=\"widget\" data-widget_type=\"menu-anchor.default\">\n\t\t\t\t<div class=\"elementor-widget-container\">\n\t\t\t\t\t\t\t<div class=\"elementor-menu-anchor\" id=\"pl-sonderpruefungen\"><\/div>\n\t\t\t\t\t\t<\/div>\n\t\t\t\t<\/div>\n\t\t\t\t<div class=\"elementor-element elementor-element-f58ae00 elementor-widget elementor-widget-heading\" data-id=\"f58ae00\" data-element_type=\"widget\" data-e-type=\"widget\" data-widget_type=\"heading.default\">\n\t\t\t\t<div class=\"elementor-widget-container\">\n\t\t\t\t\t<h3 class=\"elementor-heading-title elementor-size-default\">Special Audits<\/h3>\t\t\t\t<\/div>\n\t\t\t\t<\/div>\n\t\t\t\t<div class=\"elementor-element elementor-element-f8e52f8 elementor-widget elementor-widget-text-editor\" data-id=\"f8e52f8\" data-element_type=\"widget\" data-e-type=\"widget\" data-widget_type=\"text-editor.default\">\n\t\t\t\t<div class=\"elementor-widget-container\">\n\t\t\t\t\t\t\t\t\t<div id=\"lipsum\"><p>In addition to traditional financial statement audits, specific business occasions require targeted and often short-term analysis. Whether it concerns statutory special audits\u2014such as those for formations, reorganizations under the German Reorganization Act (UmwG), or squeeze-outs\u2014or voluntary audits to investigate irregularities (forensic audits) and evaluate compliance systems: these mandates demand the highest level of specialized knowledge, flexibility, and discretion. Our firm maintains teams of experienced auditors and consultants who combine profound methodological competence with the necessary industry know-how. We act quickly, precisely, and confidentially to scrutinize complex matters and provide you with a reliable, objective basis for your critical decisions.<\/p><\/div>\t\t\t\t\t\t\t\t<\/div>\n\t\t\t\t<\/div>\n\t\t\t\t\t<\/div>\n\t\t<\/div>\n\t\t\t\t\t<\/div>\n\t\t<\/section>\n\t\t\t\t\t<\/div>\n\t\t<\/div>\n\t\t\t\t\t<\/div>\n\t\t<\/section>\n\t\t\t\t<section class=\"has_eae_slider elementor-section elementor-top-section elementor-element elementor-element-80bd516 elementor-section-boxed elementor-section-height-default elementor-section-height-default\" data-eae-slider=\"16421\" data-id=\"80bd516\" data-element_type=\"section\" data-e-type=\"section\">\n\t\t\t\t\t\t<div class=\"elementor-container elementor-column-gap-default\">\n\t\t\t\t\t<div class=\"has_eae_slider elementor-column elementor-col-100 elementor-top-column elementor-element elementor-element-e666973\" data-eae-slider=\"77410\" data-id=\"e666973\" data-element_type=\"column\" data-e-type=\"column\">\n\t\t\t<div class=\"elementor-widget-wrap\">\n\t\t\t\t\t\t\t<\/div>\n\t\t<\/div>\n\t\t\t\t\t<\/div>\n\t\t<\/section>\n\t\t\t\t<\/div>","protected":false},"excerpt":{"rendered":"<p>Pr\u00fcfungsleistungen Jahres- und Konzernabschlusspr\u00fcfung Die gesetzliche Pr\u00fcfung von Jahres- und Konzernabschl\u00fcssen bildet das Fundament f\u00fcr das Vertrauen, das Kapitalgeber, Banken und Gesch\u00e4ftspartner in Ihre Finanzberichterstattung setzen. Wir f\u00fchren diese Pr\u00fcfungen nach nationalen (HGB) und internationalen (IFRS) Rechnungslegungsstandards durch und liefern Ihnen die erforderliche Sicherheit \u00fcber die Ordnungsm\u00e4\u00dfigkeit Ihres Abschlusses. Unsere Expertise in diesem Bereich speist [&hellip;]<\/p>\n","protected":false},"author":8,"featured_media":0,"parent":0,"menu_order":0,"comment_status":"closed","ping_status":"closed","template":"","meta":{"_acf_changed":false,"footnotes":""},"class_list":["post-2435","page","type-page","status-publish","hentry"],"acf":[],"_links":{"self":[{"href":"https:\/\/wedding-cie.de\/en\/wp-json\/wp\/v2\/pages\/2435","targetHints":{"allow":["GET"]}}],"collection":[{"href":"https:\/\/wedding-cie.de\/en\/wp-json\/wp\/v2\/pages"}],"about":[{"href":"https:\/\/wedding-cie.de\/en\/wp-json\/wp\/v2\/types\/page"}],"author":[{"embeddable":true,"href":"https:\/\/wedding-cie.de\/en\/wp-json\/wp\/v2\/users\/8"}],"replies":[{"embeddable":true,"href":"https:\/\/wedding-cie.de\/en\/wp-json\/wp\/v2\/comments?post=2435"}],"version-history":[{"count":20,"href":"https:\/\/wedding-cie.de\/en\/wp-json\/wp\/v2\/pages\/2435\/revisions"}],"predecessor-version":[{"id":2837,"href":"https:\/\/wedding-cie.de\/en\/wp-json\/wp\/v2\/pages\/2435\/revisions\/2837"}],"wp:attachment":[{"href":"https:\/\/wedding-cie.de\/en\/wp-json\/wp\/v2\/media?parent=2435"}],"curies":[{"name":"wp","href":"https:\/\/api.w.org\/{rel}","templated":true}]}}