{"id":2473,"date":"2025-01-22T10:47:56","date_gmt":"2025-01-22T10:47:56","guid":{"rendered":"http:\/\/178.63.66.23\/?page_id=2473"},"modified":"2025-01-22T10:48:18","modified_gmt":"2025-01-22T10:48:18","slug":"unterstuetzung-beim-erlaubnisverfahren-gemaess-%c2%a7-15-wpig","status":"publish","type":"page","link":"https:\/\/wedding-cie.de\/en\/unterstuetzung-beim-erlaubnisverfahren-gemaess-%c2%a7-15-wpig\/","title":{"rendered":"Support for the Licensing Procedure pursuant to Section 15 WpIG"},"content":{"rendered":"<div data-elementor-type=\"wp-page\" data-elementor-id=\"2473\" class=\"elementor elementor-2473\">\n\t\t\t\t\t\t<section class=\"has_eae_slider elementor-section elementor-top-section elementor-element elementor-element-c90e780 elementor-section-boxed elementor-section-height-default elementor-section-height-default\" data-eae-slider=\"98849\" data-id=\"c90e780\" data-element_type=\"section\" data-e-type=\"section\">\n\t\t\t\t\t\t<div class=\"elementor-container elementor-column-gap-default\">\n\t\t\t\t\t<div class=\"has_eae_slider elementor-column elementor-col-100 elementor-top-column elementor-element elementor-element-06ae0a6\" data-eae-slider=\"66224\" data-id=\"06ae0a6\" data-element_type=\"column\" data-e-type=\"column\">\n\t\t\t<div class=\"elementor-widget-wrap elementor-element-populated\">\n\t\t\t\t\t\t<section class=\"has_eae_slider elementor-section elementor-inner-section elementor-element elementor-element-462c2b1 uber-uns-two-text-block elementor-section-boxed elementor-section-height-default elementor-section-height-default\" data-eae-slider=\"57337\" data-id=\"462c2b1\" data-element_type=\"section\" data-e-type=\"section\">\n\t\t\t\t\t\t<div class=\"elementor-container elementor-column-gap-default\">\n\t\t\t\t\t<div class=\"has_eae_slider elementor-column elementor-col-100 elementor-inner-column elementor-element elementor-element-9989e9b\" data-eae-slider=\"8484\" data-id=\"9989e9b\" data-element_type=\"column\" data-e-type=\"column\">\n\t\t\t<div class=\"elementor-widget-wrap elementor-element-populated\">\n\t\t\t\t\t\t<div class=\"elementor-element elementor-element-436a533 elementor-widget elementor-widget-heading\" data-id=\"436a533\" data-element_type=\"widget\" data-e-type=\"widget\" data-widget_type=\"heading.default\">\n\t\t\t\t<div class=\"elementor-widget-container\">\n\t\t\t\t\t<h1 class=\"elementor-heading-title elementor-size-default\">Annual and Consolidated Financial Statement Audit<\/h1>\t\t\t\t<\/div>\n\t\t\t\t<\/div>\n\t\t\t\t\t<\/div>\n\t\t<\/div>\n\t\t\t\t\t<\/div>\n\t\t<\/section>\n\t\t\t\t<section class=\"has_eae_slider elementor-section elementor-inner-section elementor-element elementor-element-3dbd800 uber-uns-two-text-block elementor-section-boxed elementor-section-height-default elementor-section-height-default\" data-eae-slider=\"84521\" data-id=\"3dbd800\" data-element_type=\"section\" data-e-type=\"section\">\n\t\t\t\t\t\t<div class=\"elementor-container elementor-column-gap-default\">\n\t\t\t\t\t<div class=\"has_eae_slider elementor-column elementor-col-50 elementor-inner-column elementor-element elementor-element-b2ce2ed\" data-eae-slider=\"16994\" data-id=\"b2ce2ed\" data-element_type=\"column\" data-e-type=\"column\">\n\t\t\t<div class=\"elementor-widget-wrap elementor-element-populated\">\n\t\t\t\t\t\t<div class=\"elementor-element elementor-element-b32b1f6 elementor-widget elementor-widget-heading\" data-id=\"b32b1f6\" data-element_type=\"widget\" data-e-type=\"widget\" data-widget_type=\"heading.default\">\n\t\t\t\t<div class=\"elementor-widget-container\">\n\t\t\t\t\t<h3 class=\"elementor-heading-title elementor-size-default\">Statutory and voluntary annual and consolidated financial statement audits in accordance with HGB and IFRS.<\/h3>\t\t\t\t<\/div>\n\t\t\t\t<\/div>\n\t\t\t\t<div class=\"elementor-element elementor-element-7e4454f elementor-widget elementor-widget-text-editor\" data-id=\"7e4454f\" data-element_type=\"widget\" data-e-type=\"widget\" data-widget_type=\"text-editor.default\">\n\t\t\t\t<div class=\"elementor-widget-container\">\n\t\t\t\t\t\t\t\t\t<div id=\"lipsum\"><div data-id=\"e9e3272\" data-element_type=\"widget\" data-widget_type=\"text-editor.default\"><div id=\"lipsum\"><p>The statutory or voluntarily conducted audit of annual financial statements is often \u2013 and quite unjustly \u2013 regarded as a burdensome obligation.<br \/>Both statutory audits and voluntary audits of annual financial statements offer ambitious companies numerous opportunities for detailed review and continuous improvement of business processes. Our advisors bring extensive expertise gained through years of experience in auditing, primarily at \u201cBig 4\u201d firms, and deliver high-quality audit services. We base our work on the International Standards on Auditing (ISAs) and the complementary standards of the IDW (Institute of Public Auditors in Germany).<br \/>The responsible professional personally oversees the audit throughout its entire execution and serves as your direct point of contact. This ensures that important and urgent matters can be discussed efficiently and solution-oriented decisions can be made promptly. In addition to auditing annual and consolidated financial statements prepared under HGB, we also offer audits of annual and consolidated financial statements in accordance with IFRS\u2014an increasingly common requirement in an international context.<br \/>Neben betriebswirtschaftlichen Pr\u00fcfungen f\u00fcr Unternehmen im Bereich Industrie und Handel verf\u00fcgen wir \u00fcber umfangreiche, branchenspezifische Erfahrung bei der Beratung und Pr\u00fcfung von Finanzdienstleistungsinstituten, Wertpapierdienstleistungsunternehmen und Finanzanlagevermittlern, von Stiftungen und von Unternehmen des Gesundheitswesens.<\/p><\/div><\/div><\/div>\t\t\t\t\t\t\t\t<\/div>\n\t\t\t\t<\/div>\n\t\t\t\t\t<\/div>\n\t\t<\/div>\n\t\t\t\t<div class=\"has_eae_slider elementor-column elementor-col-50 elementor-inner-column elementor-element elementor-element-48d802f\" data-eae-slider=\"45169\" data-id=\"48d802f\" data-element_type=\"column\" data-e-type=\"column\">\n\t\t\t<div class=\"elementor-widget-wrap elementor-element-populated\">\n\t\t\t\t\t\t<div class=\"elementor-element elementor-element-d080373 elementor-widget elementor-widget-heading\" data-id=\"d080373\" data-element_type=\"widget\" data-e-type=\"widget\" data-widget_type=\"heading.default\">\n\t\t\t\t<div class=\"elementor-widget-container\">\n\t\t\t\t\t<h3 class=\"elementor-heading-title elementor-size-default\">Audit of Special-Purpose Financial Statements<\/h3>\t\t\t\t<\/div>\n\t\t\t\t<\/div>\n\t\t\t\t<div class=\"elementor-element elementor-element-2a3c7ab elementor-widget elementor-widget-text-editor\" data-id=\"2a3c7ab\" data-element_type=\"widget\" data-e-type=\"widget\" data-widget_type=\"text-editor.default\">\n\t\t\t\t<div class=\"elementor-widget-container\">\n\t\t\t\t\t\t\t\t\t<div id=\"lipsum\"><div data-id=\"e9e3272\" data-element_type=\"widget\" data-widget_type=\"text-editor.default\"><div id=\"lipsum\"><p>Certain business transactions or contractual obligations may require a specialized financial statement that provides specific information. We conduct audits of special-purpose financial statements to ensure compliance with the required criteria. In doing so, we offer tailored solutions that meet the needs of investors, lenders, or other stakeholders.<\/p><\/div><\/div><\/div>\t\t\t\t\t\t\t\t<\/div>\n\t\t\t\t<\/div>\n\t\t\t\t\t<\/div>\n\t\t<\/div>\n\t\t\t\t\t<\/div>\n\t\t<\/section>\n\t\t\t\t\t<\/div>\n\t\t<\/div>\n\t\t\t\t\t<\/div>\n\t\t<\/section>\n\t\t\t\t<section class=\"has_eae_slider elementor-section elementor-top-section elementor-element elementor-element-12ddf56 elementor-section-boxed elementor-section-height-default elementor-section-height-default\" data-eae-slider=\"1950\" data-id=\"12ddf56\" data-element_type=\"section\" data-e-type=\"section\" data-settings=\"{&quot;background_background&quot;:&quot;gradient&quot;}\">\n\t\t\t\t\t\t<div class=\"elementor-container elementor-column-gap-default\">\n\t\t\t\t\t<div class=\"has_eae_slider elementor-column elementor-col-100 elementor-top-column elementor-element elementor-element-b4e346e\" data-eae-slider=\"3491\" data-id=\"b4e346e\" data-element_type=\"column\" data-e-type=\"column\">\n\t\t\t<div class=\"elementor-widget-wrap elementor-element-populated\">\n\t\t\t\t\t\t<section class=\"has_eae_slider elementor-section elementor-inner-section elementor-element elementor-element-c1f75cc elementor-section-boxed elementor-section-height-default elementor-section-height-default\" data-eae-slider=\"60421\" data-id=\"c1f75cc\" data-element_type=\"section\" data-e-type=\"section\">\n\t\t\t\t\t\t<div class=\"elementor-container elementor-column-gap-default\">\n\t\t\t\t\t<div class=\"has_eae_slider elementor-column elementor-col-50 elementor-inner-column elementor-element elementor-element-6703f3b\" data-eae-slider=\"77509\" data-id=\"6703f3b\" data-element_type=\"column\" data-e-type=\"column\">\n\t\t\t<div class=\"elementor-widget-wrap elementor-element-populated\">\n\t\t\t\t\t\t<div class=\"elementor-element elementor-element-ff61883 elementor-widget elementor-widget-heading\" data-id=\"ff61883\" data-element_type=\"widget\" data-e-type=\"widget\" data-widget_type=\"heading.default\">\n\t\t\t\t<div class=\"elementor-widget-container\">\n\t\t\t\t\t<h3 class=\"elementor-heading-title elementor-size-default\">Audit of Interim Financial Statements in accordance with HGB and IFRS<\/h3>\t\t\t\t<\/div>\n\t\t\t\t<\/div>\n\t\t\t\t<div class=\"elementor-element elementor-element-e8a46ae elementor-widget elementor-widget-text-editor\" data-id=\"e8a46ae\" data-element_type=\"widget\" data-e-type=\"widget\" data-widget_type=\"text-editor.default\">\n\t\t\t\t<div class=\"elementor-widget-container\">\n\t\t\t\t\t\t\t\t\t<div id=\"lipsum\"><p>Interim financial statements provide valuable insights into a company's financial position between regular annual reports. Our audits of interim financial statements in accordance with HGB and IFRS offer assurance and enable transparent reporting. Our expertise helps you meet financial reporting requirements and build trust with investors and other stakeholders.<\/p><\/div>\t\t\t\t\t\t\t\t<\/div>\n\t\t\t\t<\/div>\n\t\t\t\t\t<\/div>\n\t\t<\/div>\n\t\t\t\t<div class=\"has_eae_slider elementor-column elementor-col-50 elementor-inner-column elementor-element elementor-element-b0dd571\" data-eae-slider=\"65344\" data-id=\"b0dd571\" data-element_type=\"column\" data-e-type=\"column\">\n\t\t\t<div class=\"elementor-widget-wrap elementor-element-populated\">\n\t\t\t\t\t\t<div class=\"elementor-element elementor-element-35016bc elementor-widget elementor-widget-heading\" data-id=\"35016bc\" data-element_type=\"widget\" data-e-type=\"widget\" data-widget_type=\"heading.default\">\n\t\t\t\t<div class=\"elementor-widget-container\">\n\t\t\t\t\t<h3 class=\"elementor-heading-title elementor-size-default\">Review Engagements of Financial Statements and Reporting Packages<\/h3>\t\t\t\t<\/div>\n\t\t\t\t<\/div>\n\t\t\t\t<div class=\"elementor-element elementor-element-8a7ba61 elementor-widget elementor-widget-text-editor\" data-id=\"8a7ba61\" data-element_type=\"widget\" data-e-type=\"widget\" data-widget_type=\"text-editor.default\">\n\t\t\t\t<div class=\"elementor-widget-container\">\n\t\t\t\t\t\t\t\t\t<div id=\"lipsum\"><p>A review engagement offers a flexible and resource-efficient alternative to a full audit, providing moderate assurance. We support you in reviewing financial statements and reporting packages, ensuring reliable and meaningful financial reporting. This service is particularly suited for companies seeking regular oversight without the need for a comprehensive audit.<\/p><\/div>\t\t\t\t\t\t\t\t<\/div>\n\t\t\t\t<\/div>\n\t\t\t\t\t<\/div>\n\t\t<\/div>\n\t\t\t\t\t<\/div>\n\t\t<\/section>\n\t\t\t\t\t<\/div>\n\t\t<\/div>\n\t\t\t\t\t<\/div>\n\t\t<\/section>\n\t\t\t\t<\/div>","protected":false},"excerpt":{"rendered":"<p>Jahres- und Konzernabschlusspr\u00fcfung Jahres- und Konzernabschlusspr\u00fcfung nach HGB und IFRS (gesetzliche und freiwillige) Die gesetzlich vorgeschriebene oder freiwillig durchgef\u00fchrte Pr\u00fcfung des Jahresabschlusses wird h\u00e4ufig \u2013 und ganz zu Unrecht \u2013 als eine l\u00e4stige Pflicht angesehen.Dabei bieten sowohl die Pflichtpr\u00fcfung als auch die freiwillige Jahresabschlusspr\u00fcfung ambitionierten Unternehmen viele Chancen zur detaillierten \u00dcberpr\u00fcfung und permanenten Verbesserung von [&hellip;]<\/p>","protected":false},"author":8,"featured_media":0,"parent":0,"menu_order":0,"comment_status":"closed","ping_status":"closed","template":"","meta":{"_acf_changed":false,"footnotes":""},"class_list":["post-2473","page","type-page","status-publish","hentry"],"acf":[],"_links":{"self":[{"href":"https:\/\/wedding-cie.de\/en\/wp-json\/wp\/v2\/pages\/2473","targetHints":{"allow":["GET"]}}],"collection":[{"href":"https:\/\/wedding-cie.de\/en\/wp-json\/wp\/v2\/pages"}],"about":[{"href":"https:\/\/wedding-cie.de\/en\/wp-json\/wp\/v2\/types\/page"}],"author":[{"embeddable":true,"href":"https:\/\/wedding-cie.de\/en\/wp-json\/wp\/v2\/users\/8"}],"replies":[{"embeddable":true,"href":"https:\/\/wedding-cie.de\/en\/wp-json\/wp\/v2\/comments?post=2473"}],"version-history":[{"count":3,"href":"https:\/\/wedding-cie.de\/en\/wp-json\/wp\/v2\/pages\/2473\/revisions"}],"predecessor-version":[{"id":2476,"href":"https:\/\/wedding-cie.de\/en\/wp-json\/wp\/v2\/pages\/2473\/revisions\/2476"}],"wp:attachment":[{"href":"https:\/\/wedding-cie.de\/en\/wp-json\/wp\/v2\/media?parent=2473"}],"curies":[{"name":"wp","href":"https:\/\/api.w.org\/{rel}","templated":true}]}}