{"id":883,"date":"2025-12-30T08:00:03","date_gmt":"2025-12-30T08:00:03","guid":{"rendered":"http:\/\/178.63.66.23\/?page_id=883"},"modified":"2026-01-15T14:18:15","modified_gmt":"2026-01-15T14:18:15","slug":"duediligence","status":"publish","type":"page","link":"https:\/\/wedding-cie.de\/en\/duediligence\/","title":{"rendered":"Financial Due Diligence"},"content":{"rendered":"<div data-elementor-type=\"wp-page\" data-elementor-id=\"883\" class=\"elementor elementor-883\">\n\t\t\t\t\t\t<section class=\"has_eae_slider elementor-section elementor-top-section elementor-element elementor-element-c90e780 elementor-section-boxed elementor-section-height-default elementor-section-height-default\" data-eae-slider=\"10763\" data-id=\"c90e780\" data-element_type=\"section\" data-e-type=\"section\">\n\t\t\t\t\t\t<div class=\"elementor-container elementor-column-gap-default\">\n\t\t\t\t\t<div class=\"has_eae_slider elementor-column elementor-col-100 elementor-top-column elementor-element elementor-element-06ae0a6\" data-eae-slider=\"55075\" data-id=\"06ae0a6\" data-element_type=\"column\" data-e-type=\"column\">\n\t\t\t<div class=\"elementor-widget-wrap elementor-element-populated\">\n\t\t\t\t\t\t<section class=\"has_eae_slider elementor-section elementor-inner-section elementor-element elementor-element-462c2b1 uber-uns-two-text-block elementor-section-boxed elementor-section-height-default elementor-section-height-default\" data-eae-slider=\"31797\" data-id=\"462c2b1\" data-element_type=\"section\" data-e-type=\"section\">\n\t\t\t\t\t\t<div class=\"elementor-container elementor-column-gap-default\">\n\t\t\t\t\t<div class=\"has_eae_slider elementor-column elementor-col-100 elementor-inner-column elementor-element elementor-element-0943398\" data-eae-slider=\"40263\" data-id=\"0943398\" data-element_type=\"column\" data-e-type=\"column\">\n\t\t\t<div class=\"elementor-widget-wrap\">\n\t\t\t\t\t\t\t<\/div>\n\t\t<\/div>\n\t\t\t\t\t<\/div>\n\t\t<\/section>\n\t\t\t\t<section class=\"has_eae_slider elementor-section elementor-inner-section elementor-element elementor-element-3dbd800 uber-uns-two-text-block elementor-section-boxed elementor-section-height-default elementor-section-height-default\" data-eae-slider=\"34153\" data-id=\"3dbd800\" data-element_type=\"section\" data-e-type=\"section\">\n\t\t\t\t\t\t<div class=\"elementor-container elementor-column-gap-default\">\n\t\t\t\t\t<div class=\"has_eae_slider elementor-column elementor-col-100 elementor-inner-column elementor-element elementor-element-b2ce2ed\" data-eae-slider=\"69959\" data-id=\"b2ce2ed\" data-element_type=\"column\" data-e-type=\"column\">\n\t\t\t<div class=\"elementor-widget-wrap elementor-element-populated\">\n\t\t\t\t\t\t<div class=\"elementor-element elementor-element-681b803 elementor-widget elementor-widget-menu-anchor\" data-id=\"681b803\" data-element_type=\"widget\" data-e-type=\"widget\" data-widget_type=\"menu-anchor.default\">\n\t\t\t\t<div class=\"elementor-widget-container\">\n\t\t\t\t\t\t\t<div class=\"elementor-menu-anchor\" id=\"due-diligence-financial-tax\"><\/div>\n\t\t\t\t\t\t<\/div>\n\t\t\t\t<\/div>\n\t\t\t\t<div class=\"elementor-element elementor-element-b32b1f6 elementor-widget elementor-widget-heading\" data-id=\"b32b1f6\" data-element_type=\"widget\" data-e-type=\"widget\" data-widget_type=\"heading.default\">\n\t\t\t\t<div class=\"elementor-widget-container\">\n\t\t\t\t\t<h3 class=\"elementor-heading-title elementor-size-default\">Financial and Tax Due Diligence<\/h3>\t\t\t\t<\/div>\n\t\t\t\t<\/div>\n\t\t\t\t<div class=\"elementor-element elementor-element-7e4454f elementor-widget elementor-widget-text-editor\" data-id=\"7e4454f\" data-element_type=\"widget\" data-e-type=\"widget\" data-widget_type=\"text-editor.default\">\n\t\t\t\t<div class=\"elementor-widget-container\">\n\t\t\t\t\t\t\t\t\t<div id=\"lipsum\"><p>The acquisition of companies and shares are complex undertakings in which the information asymmetry between buyer and seller represents a significant risk. Our Financial and Tax Due Diligence provides you with the necessary transparency and security for your investment decision. We systematically analyze the financial and tax opportunities and risks of the target company, identify sustainable value drivers, and uncover hidden \"deal breakers\" or liability traps. Our strength in this area lies in the seamless collaboration of our interdisciplinary teams of auditors and tax specialists. With many years of experience from numerous transactions (on both the buy-side and sell-side), we know exactly what matters. We do not provide you with mountains of data, but rather concise, action-oriented reports that enable a well-founded purchase price determination and targeted negotiation of the share purchase agreements (particularly regarding warranties and indemnities).<\/p><\/div>\t\t\t\t\t\t\t\t<\/div>\n\t\t\t\t<\/div>\n\t\t\t\t\t<\/div>\n\t\t<\/div>\n\t\t\t\t\t<\/div>\n\t\t<\/section>\n\t\t\t\t\t<\/div>\n\t\t<\/div>\n\t\t\t\t\t<\/div>\n\t\t<\/section>\n\t\t\t\t<\/div>","protected":false},"excerpt":{"rendered":"<p>Financial und Tax Due Diligence Unternehmens- und Anteilsk\u00e4ufe sind komplexe Vorhaben, bei denen die Informationsasymmetrie zwischen K\u00e4ufer und Verk\u00e4ufer ein erhebliches Risiko darstellt. Unsere Financial und Tax Due Diligence gibt Ihnen die n\u00f6tige Transparenz und Sicherheit f\u00fcr Ihre Kaufentscheidung. Wir analysieren systematisch die finanziellen und steuerlichen Chancen und Risiken des Zielunternehmens, identifizieren die nachhaltigen Werttreiber [&hellip;]<\/p>\n","protected":false},"author":4,"featured_media":0,"parent":0,"menu_order":0,"comment_status":"closed","ping_status":"closed","template":"","meta":{"_acf_changed":false,"footnotes":""},"class_list":["post-883","page","type-page","status-publish","hentry"],"acf":[],"_links":{"self":[{"href":"https:\/\/wedding-cie.de\/en\/wp-json\/wp\/v2\/pages\/883","targetHints":{"allow":["GET"]}}],"collection":[{"href":"https:\/\/wedding-cie.de\/en\/wp-json\/wp\/v2\/pages"}],"about":[{"href":"https:\/\/wedding-cie.de\/en\/wp-json\/wp\/v2\/types\/page"}],"author":[{"embeddable":true,"href":"https:\/\/wedding-cie.de\/en\/wp-json\/wp\/v2\/users\/4"}],"replies":[{"embeddable":true,"href":"https:\/\/wedding-cie.de\/en\/wp-json\/wp\/v2\/comments?post=883"}],"version-history":[{"count":26,"href":"https:\/\/wedding-cie.de\/en\/wp-json\/wp\/v2\/pages\/883\/revisions"}],"predecessor-version":[{"id":2847,"href":"https:\/\/wedding-cie.de\/en\/wp-json\/wp\/v2\/pages\/883\/revisions\/2847"}],"wp:attachment":[{"href":"https:\/\/wedding-cie.de\/en\/wp-json\/wp\/v2\/media?parent=883"}],"curies":[{"name":"wp","href":"https:\/\/api.w.org\/{rel}","templated":true}]}}